{"id":10596,"date":"2021-12-09T09:20:34","date_gmt":"2021-12-09T09:20:34","guid":{"rendered":"https:\/\/dev.norkay.se\/clgshop\/?page_id=10596"},"modified":"2026-02-25T13:36:30","modified_gmt":"2026-02-25T13:36:30","slug":"kopevillkor","status":"publish","type":"page","link":"https:\/\/carllarsson.se\/shop\/kopevillkor\/","title":{"rendered":"K\u00f6pevillkor"},"content":{"rendered":"\t\t<div data-elementor-type=\"wp-page\" data-elementor-id=\"10596\" class=\"elementor elementor-10596\" data-elementor-post-type=\"page\">\n\t\t\t\t\t\t<section class=\"elementor-section elementor-top-section elementor-element elementor-element-1505276 elementor-section-boxed elementor-section-height-default elementor-section-height-default\" data-id=\"1505276\" data-element_type=\"section\">\n\t\t\t\t\t\t<div class=\"elementor-container elementor-column-gap-default\">\n\t\t\t\t\t<div class=\"elementor-column elementor-col-100 elementor-top-column elementor-element elementor-element-489d7f6\" data-id=\"489d7f6\" data-element_type=\"column\">\n\t\t\t<div class=\"elementor-widget-wrap\">\n\t\t\t\t\t\t\t<\/div>\n\t\t<\/div>\n\t\t\t\t\t<\/div>\n\t\t<\/section>\n\t\t\t\t<section class=\"elementor-section elementor-top-section elementor-element elementor-element-d0560cc elementor-section-boxed elementor-section-height-default elementor-section-height-default\" data-id=\"d0560cc\" data-element_type=\"section\">\n\t\t\t\t\t\t<div class=\"elementor-container elementor-column-gap-default\">\n\t\t\t\t\t<div class=\"elementor-column elementor-col-100 elementor-top-column elementor-element elementor-element-349ea7a\" data-id=\"349ea7a\" data-element_type=\"column\">\n\t\t\t<div class=\"elementor-widget-wrap elementor-element-populated\">\n\t\t\t\t\t\t<section class=\"elementor-section elementor-inner-section elementor-element elementor-element-07630dc elementor-section-boxed elementor-section-height-default elementor-section-height-default\" data-id=\"07630dc\" data-element_type=\"section\">\n\t\t\t\t\t\t<div class=\"elementor-container elementor-column-gap-default\">\n\t\t\t\t\t<div class=\"elementor-column elementor-col-50 elementor-inner-column elementor-element elementor-element-03144f5\" data-id=\"03144f5\" data-element_type=\"column\">\n\t\t\t<div class=\"elementor-widget-wrap elementor-element-populated\">\n\t\t\t\t\n\t\t<div class=\"elementor-element elementor-element-feb7014 elementor-widget elementor-widget-text-editor\" data-id=\"feb7014\" data-element_type=\"widget\" data-widget_type=\"text-editor.default\">\n\t\t\t\t<div class=\"elementor-widget-container\">\n\t\t\t\t\t\t\t<h3>Leveranstid<\/h3><p>Carl Larsson-G\u00e5rden skickar normalt inom sju (7) dagar. Carl Larsson-g\u00e5rden kan inte p\u00e5verka v\u00e5ra spedit\u00f6rers f\u00f6rseningar.<\/p><p>Fraktkostnaden syns i varukorgen innan du bekr\u00e4ftar din best\u00e4llning.<\/p><p>Avisering kan skickas via sms om ett mobilnummer \u00e4r angivet i best\u00e4llningen. Annars kan aviseringen ske till din e-postadress. Det kan ocks\u00e5 komma en avi hem med posten som ber\u00e4ttar att ditt paket har kommit fram.<\/p><p>Carl Larsson-g\u00e5rden hanterar inte delleveranser.<\/p><h3>Leveranss\u00e4tt<\/h3><p>Vi anv\u00e4nder oss av DSV som v\u00e5r fraktleverant\u00f6r<\/p><p>Det finns tv\u00e5 alternativ att v\u00e4lja mellan:<\/p><p>DSV parcel: f\u00f6r f\u00f6retag.<\/p><p>DSV parcel ombud: f\u00f6r privatpersoner.<\/p><h3>Betalningss\u00e4tt<\/h3><p>Vi anv\u00e4nder Kustom Checkout f\u00f6r att hantera ditt k\u00f6p i v\u00e5r butik. Kustom Checkout \u00e4r en oberoende kassal\u00f6sning som tillhandah\u00e5lls av Kustom AB och genom vilka betalmetoder\u00a0 finns tillg\u00e4ngliga.<\/p><div class=\"intercom-interblocks-paragraph no-margin intercom-interblocks-align-left\"><p>Kustom \u00e4r inte en bank och behandlar inte betalningar direkt; Kustom tillhandah\u00e5ller gr\u00e4nssnittet och logiken som visar de tillg\u00e4ngliga betalmetoderna.<\/p><\/div><div class=\"intercom-interblocks-paragraph no-margin intercom-interblocks-align-left\"><p>N\u00e4r du anv\u00e4nder kassan f\u00f6r att slutf\u00f6ra ditt k\u00f6p kommer du att erbjudas olika betalmetoder. Dessa betalmetoder tillhandah\u00e5lls av olika betaltj\u00e4nstleverant\u00f6rer, beroende p\u00e5 vilket betalmetod du v\u00e4ljer n\u00e4r du genomf\u00f6r ditt k\u00f6p. F\u00f6r betalningen omdirigeras du till en betaltj\u00e4nstleverant\u00f6r, s\u00e5som <b>[Klarna, Swish, MobilePay, Vipps, iDEAL och Billie]<\/b>, d\u00e4r k\u00f6pet slutf\u00f6rs.<\/p><\/div><div class=\"intercom-interblocks-paragraph no-margin intercom-interblocks-align-left\"><p>F\u00f6r en smidig k\u00f6pupplevelse inkluderar Kustom Checkout automatisk ifyllning av dina uppgifter om du har sparat dem eller tidigare fyllt i dem i Kustom Checkout.<\/p><\/div><div class=\"intercom-interblocks-paragraph no-margin intercom-interblocks-align-left\"><p>Kustom kommer inte att utf\u00f6ra n\u00e5gon kreditpr\u00f6vning, utan det kan g\u00f6ras av betalmetoden du har valt f\u00f6r att genomf\u00f6ra k\u00f6pet.<\/p><\/div><div class=\"intercom-interblocks-paragraph no-margin intercom-interblocks-align-left\"><p>Genom att klicka p\u00e5 \u201dBetala k\u00f6p\u201d i kassan godk\u00e4nner du Carl Larsson-g\u00e5rdens villkor, Kustoms anv\u00e4ndarvillkor och bekr\u00e4ftar att du tagit del av Kustoms integritetsmeddelande.<\/p><\/div><div class=\"intercom-interblocks-paragraph no-margin intercom-interblocks-align-left\"><p>Mer information om hur Kustom hanterar dina uppgifter och driver kassal\u00f6sningen finns i Anv\u00e4ndarvillkoren och Integritetspolicyn. Du hittar dem <a href=\"https:\/\/www.kustom.co\/legal\" target=\"_blank\" rel=\"nofollow noopener noreferrer\">h\u00e4r<\/a>.<\/p><\/div><p><span style=\"color: var(--accent); font-family: Kosi-heading, HelveticaNeue-Light, 'Helvetica Neue Light', 'Helvetica Neue', Helvetica, Arial, 'Lucida Grande', sans-serif; font-size: 34px; font-weight: 600;\">Orderbekr\u00e4ftelse<\/span><\/p><p>En automatisk orderbekr\u00e4ftelse skickas till den e-postadress som angetts vid best\u00e4llningen. Ordernumret p\u00e5 denna bekr\u00e4ftelse ska alltid anges vid kontakt med oss ang\u00e5ende din order.<\/p><h3>Priss\u00e4ttning<\/h3><p>Samtliga priser i webbshopen \u00e4r angiven i en f\u00f6rvald valuta och inkluderar moms. Vid eventuella pris\u00e4ndringar i webbshopen g\u00e4ller det pris som uppges vid best\u00e4llningstillf\u00e4llet.<\/p><h3>Reklamation<\/h3><p>Om en vara \u00e4r trasig s\u00e5 kontakta oss senast 14 dagar efter leverans. Vi kontrollerar samtliga varor f\u00f6re leverans. En beskrivning ska skickas till Carl Larsson-g\u00e5rden. Fyll ocks\u00e5 i ditt namn, telefonnummer samt ordernummer.<\/p><h3>Fraktskador<\/h3><p>Du m\u00e5ste sj\u00e4lv agera n\u00e4r du tar emot ditt gods<br \/>Kontrollera godsets och f\u00f6rpackningens tillst\u00e5nd n\u00e4r det l\u00e4mnas ut till dig. R\u00e4kna igenom kvantiteten s\u00e5 att den st\u00e4mmer \u00f6verens med uppgifterna i fraktsedeln.<\/p><p>Om godset \u00e4r skadat n\u00e4r DSV l\u00e4mnar ut det<br \/>Ta emot godset, men kvittera aldrig fraktsedeln utan att f\u00f6rst g\u00f6ra en anm\u00e4rkning p\u00e5 kvittensdelen. Anm\u00e4rkningen beh\u00f6ver inte vara detaljerad, men den \u00e4r n\u00f6dv\u00e4ndig f\u00f6r att skadan ska kunna regleras.<\/p><p>Det som uppn\u00e5s med anm\u00e4rkningen \u00e4r att du styrker att skadan intr\u00e4ffat n\u00e4r vi haft hand om godset. Vi f\u00e5r samtidigt m\u00f6jlighet att sp\u00e5ra orsaken och vidta \u00e5tg\u00e4rder s\u00e5 att den inte upprepas. Du ska ocks\u00e5 f\u00f6rs\u00f6ka begr\u00e4nsa skadan n\u00e4r detta \u00e4r m\u00f6jligt.<\/p><p>Om skadan kunnat uppt\u00e4ckas f\u00f6rst vid uppackning (dold av emballage) m\u00e5ste du anm\u00e4la skadan till oss senast inom sju (7) arbetsdagar efter mottagandet f\u00f6r att den ska kunna tas upp till behandling.<\/p><p>Mer information och anm\u00e4lan<br \/><a href=\"https:\/\/www.dbschenker.com\/se-sv\/om-oss\/kundservice\" target=\"_blank\" rel=\"noopener\">DSV<\/a><\/p>\t\t\t\t\t\t<\/div>\n\t\t\t\t<\/div>\n\t\t\t\t\t<\/div>\n\t\t<\/div>\n\t\t\t\t<div class=\"elementor-column elementor-col-50 elementor-inner-column elementor-element elementor-element-1a9f52a\" data-id=\"1a9f52a\" data-element_type=\"column\">\n\t\t\t<div class=\"elementor-widget-wrap elementor-element-populated\">\n\t\t\t\t\t\t<div class=\"elementor-element elementor-element-53c1ef9 elementor-widget elementor-widget-text-editor\" data-id=\"53c1ef9\" data-element_type=\"widget\" data-widget_type=\"text-editor.default\">\n\t\t\t\t<div class=\"elementor-widget-container\">\n\t\t\t\t\t\t\t<h3>\u00c5ngerr\u00e4tt<\/h3><p>Enligt distansavtalslagen har du r\u00e4tt att \u00e5ngra ditt k\u00f6p eller byta din produkt inom en 14 dagar efter att du har mottagit ditt paket. Observera att bytesr\u00e4tt\/\u00f6ppet k\u00f6p inte g\u00e4ller n\u00e4r du handlar ur v\u00e5rt reasortiment. Kontakta oss alltid innan du \u00e5ters\u00e4nder din produkt och ange vilken produkt det g\u00e4ller. K\u00f6paren st\u00e5r sj\u00e4lv f\u00f6r returfrakten vid \u00e5ngrat k\u00f6p eller byte och produkten ska vara oanv\u00e4nd samt befinna sig i samma skick som produkten gjorde vid leverans. Detta g\u00e4ller \u00e4ven produktens etiketter, p\u00e5sar m.m.<\/p><h3>Ej uth\u00e4mtat paket<\/h3><p>Om ett paket inte blir uth\u00e4mtat och skickas tillbaka till oss kostar det oss 300 SEK vilket kommer att faktureras till den adress som best\u00e4llningen kom ifr\u00e5n.<\/p><h3>Allm\u00e4nna villkor<\/h3><p>F\u00f6r att handla hos Carl Larsson-g\u00e5rden m\u00e5ste du vara 18 \u00e5r gammal. I annat fall m\u00e5ste du ha m\u00e5lsmans godk\u00e4nnande.<\/p><p>Personlig information som anges i webbshopen anv\u00e4nds bara av Carl Larsson-g\u00e5rden samt v\u00e5ra samarbetspartners. Vi kommer inte s\u00e4lja dem vidare till en tredje part.<\/p><h3>V\u00e5r integritetspolicy<\/h3><p>Vi, Carl och Karin Larssons Sl\u00e4ktf\u00f6rening, v\u00e4rdes\u00e4tter informationss\u00e4kerhet. N\u00e4r du anv\u00e4nder v\u00e5r webbplats f\u00f6r att k\u00f6pa produkter, eller kontaktar oss f\u00f6r att boka visningar eller specialarrangemang hanterar vi dina personuppgifter i enlighet med denna policy.<\/p><p><a href=\"https:\/\/www.carllarsson.se\/wp-content\/uploads\/2019\/01\/Integritetspolicy-CLG-Hemsida.pdf\" target=\"_blank\" rel=\"noopener\">Integritetspolicy<\/a><\/p><h3>Carl Larsson-g\u00e5rden<\/h3><p>Ett av v\u00e4rldens mest k\u00e4nda och avbildade konstn\u00e4rshem.<br \/>F\u00f6r mer information, bes\u00f6k g\u00e4rna v\u00e5r hemsida: <a href=\"http:\/\/www.carllarsson.se\/\" target=\"_blank\" rel=\"noopener\">http:\/\/www.carllarsson.se\/<\/a><\/p><p><img class=\"alignnone size-medium wp-image-10602\" src=\"https:\/\/carllarsson.se\/shop\/wp-content\/uploads\/2021\/12\/image001-300x122.jpg\" alt=\"En inblick till Carl Larsson-g\u00e5rden\" width=\"300\" height=\"122\" srcset=\"https:\/\/carllarsson.se\/shop\/wp-content\/uploads\/2021\/12\/image001-300x122.jpg 300w, https:\/\/carllarsson.se\/shop\/wp-content\/uploads\/2021\/12\/image001-320x131.jpg 320w, https:\/\/carllarsson.se\/shop\/wp-content\/uploads\/2021\/12\/image001.jpg 649w\" sizes=\"(max-width: 300px) 100vw, 300px\" \/><\/p><p>En inblick till Carl Larsson G\u00e5rden<\/p><h3>Kontakta oss<\/h3><p>F\u00f6r alla fr\u00e5gor anv\u00e4nd: <a href=\"mailto:webbshop@carllarsson.se\">webbshop@carllarsson.se<\/a><\/p><p>Kom ih\u00e5g att skriva ditt ordernummer och g\u00e4rna s\u00e5 mycket information som m\u00f6jligt f\u00f6r att vi ska kunna hitta din order s\u00e5 snabbt som m\u00f6jligt.<\/p><h3>Var finns vi?<\/h3><p>Carl Larsson-g\u00e5rden ligger i Sundborn, en idyllisk by 13 km utanf\u00f6r Falun. Du tar dig enkelt hit med bil, t\u00e5g, buss, taxi och flyg. Information om boende och andra sev\u00e4rdheter och aktiviteter i omr\u00e5det hittar du p\u00e5 <a href=\"https:\/\/visitdalarna.se\" target=\"_blank\" rel=\"noopener\">visitdalarna.se<\/a>.<\/p><p>Adress:<br \/><b>Carl Larsson-g\u00e5rden<\/b><br \/><span style=\"color: var( --e-global-color-text );\">Carl Larssons v\u00e4g 12<br \/><\/span><span style=\"color: var( --e-global-color-text );\">790 15 Sundborn<br \/><\/span><span style=\"color: var( --e-global-color-text );\">+46 23-600 53<\/span><\/p><p><span style=\"color: var( --e-global-color-text );\">Carl och Karin Larssons sl\u00e4ktf\u00f6rening<br \/><\/span><span style=\"color: var( --e-global-color-text );\">Organisationsnr: 883200-0452<\/span><\/p><h3>Upphovsr\u00e4tt<\/h3><p>Var v\u00e4nlig respektera att Carl Larsson-g\u00e5rden \u00e4ger full upphovsr\u00e4tt till bilder och material som anv\u00e4nds p\u00e5 hemsidan.<\/p>\t\t\t\t\t\t<\/div>\n\t\t\t\t<\/div>\n\t\t\t\t\t<\/div>\n\t\t<\/div>\n\t\t\t\t\t<\/div>\n\t\t<\/section>\n\t\t\t\t\t<\/div>\n\t\t<\/div>\n\t\t\t\t\t<\/div>\n\t\t<\/section>\n\t\t\t\t<\/div>\n\t\t","protected":false},"excerpt":{"rendered":"<p>Leveranstid Carl Larsson-G\u00e5rden skickar normalt inom sju (7) dagar. Carl Larsson-g\u00e5rden kan inte p\u00e5verka v\u00e5ra spedit\u00f6rers f\u00f6rseningar. Fraktkostnaden syns i varukorgen innan du bekr\u00e4ftar din best\u00e4llning. Avisering kan skickas via sms om ett mobilnummer \u00e4r angivet i best\u00e4llningen. Annars kan aviseringen ske till din e-postadress. Det kan ocks\u00e5 komma en avi hem med posten som [&hellip;]<\/p>\n","protected":false},"author":1,"featured_media":0,"parent":0,"menu_order":0,"comment_status":"closed","ping_status":"closed","template":"elementor_header_footer","meta":{"inline_featured_image":false,"footnotes":""},"class_list":["post-10596","page","type-page","status-publish","hentry"],"_links":{"self":[{"href":"https:\/\/carllarsson.se\/shop\/wp-json\/wp\/v2\/pages\/10596","targetHints":{"allow":["GET"]}}],"collection":[{"href":"https:\/\/carllarsson.se\/shop\/wp-json\/wp\/v2\/pages"}],"about":[{"href":"https:\/\/carllarsson.se\/shop\/wp-json\/wp\/v2\/types\/page"}],"author":[{"embeddable":true,"href":"https:\/\/carllarsson.se\/shop\/wp-json\/wp\/v2\/users\/1"}],"replies":[{"embeddable":true,"href":"https:\/\/carllarsson.se\/shop\/wp-json\/wp\/v2\/comments?post=10596"}],"version-history":[{"count":9,"href":"https:\/\/carllarsson.se\/shop\/wp-json\/wp\/v2\/pages\/10596\/revisions"}],"predecessor-version":[{"id":19131,"href":"https:\/\/carllarsson.se\/shop\/wp-json\/wp\/v2\/pages\/10596\/revisions\/19131"}],"wp:attachment":[{"href":"https:\/\/carllarsson.se\/shop\/wp-json\/wp\/v2\/media?parent=10596"}],"curies":[{"name":"wp","href":"https:\/\/api.w.org\/{rel}","templated":true}]}}