{"id":6198,"date":"2021-09-30T16:26:15","date_gmt":"2021-09-30T16:26:15","guid":{"rendered":"https:\/\/demo.leebrosus.com\/kosi\/?page_id=6198"},"modified":"2022-03-21T11:51:09","modified_gmt":"2022-03-21T11:51:09","slug":"om-oss","status":"publish","type":"page","link":"https:\/\/carllarsson.se\/shop\/om-oss\/","title":{"rendered":"Om oss"},"content":{"rendered":"\t\t<div data-elementor-type=\"wp-page\" data-elementor-id=\"6198\" class=\"elementor elementor-6198\" data-elementor-post-type=\"page\">\n\t\t\t\t\t\t<div class=\"elementor-section elementor-top-section elementor-element elementor-element-c3deea3 animated-fast elementor-section-stretched elementor-section-boxed elementor-section-height-default elementor-section-height-default elementor-invisible\" data-id=\"c3deea3\" data-element_type=\"section\" data-settings=\"{&quot;animation&quot;:&quot;hp-move-up&quot;,&quot;stretch_section&quot;:&quot;section-stretched&quot;}\">\n\t\t\t\t\t\t<div class=\"elementor-container elementor-column-gap-no\">\n\t\t\t\t\t<div class=\"elementor-column elementor-col-100 elementor-top-column elementor-element elementor-element-9ce6a7f\" data-id=\"9ce6a7f\" data-element_type=\"column\">\n\t\t\t<div class=\"elementor-widget-wrap elementor-element-populated\">\n\t\t\t\t\n\t\t<div class=\"elementor-element elementor-element-676b85f elementor-widget elementor-widget-heading\" data-id=\"676b85f\" data-element_type=\"widget\" data-widget_type=\"heading.default\">\n\t\t\t\t<div class=\"elementor-widget-container\">\n\t\t\t<h5 class=\"elementor-heading-title elementor-size-default\">Carl Larsson-g\u00e5rdens butik \u00e4r fylld av Carl och Karin Larssons konstn\u00e4rskap med noga utvald formgivning direkt fr\u00e5n g\u00e5rden. <\/h5>\t\t<\/div>\n\t\t\t\t<\/div>\n\t\t\t\t<div class=\"elementor-element elementor-element-687910f elementor-widget elementor-widget-text-editor\" data-id=\"687910f\" data-element_type=\"widget\" data-widget_type=\"text-editor.default\">\n\t\t\t\t<div class=\"elementor-widget-container\">\n\t\t\t\t\t\t\t<p>I v\u00e5r webbbshop\u00a0har vi samlat de mest popul\u00e4ra produkterna som alla l\u00e5nat detaljer fr\u00e5n konstn\u00e4rsparets m\u00e5lningar och textilier. H\u00e4r hittar du reproduktioner fr\u00e5n Carl mest \u00e4lskade m\u00e5lningar och ett rikt utbud av b\u00f6cker om Konstn\u00e4rshemmet och Carl och Karin Larsson. Karin var en stilbildande konstn\u00e4r l\u00e5ngt f\u00f6re sin tid och\u00a0hennes textilier var mycket originella d\u00e4r hon f\u00f6regick den kommande abstrakta textilkonsten. I v\u00e5r webbbshop\u00a0kan du best\u00e4lla n\u00e5gra av Karins handarbetssatser och sj\u00e4lv \u00e5terskapa Karins textilkonstverk. F\u00f6r alla barn har vi\u00a0Barnen Larssons m\u00e5larbok och Barnen Larssons memoryspel\u00a0och vi har \u00e4ven\u00a0flera pussel f\u00f6r s\u00e5v\u00e4l stora\u00a0som sm\u00e5.\u00a0<u><\/u><u><\/u><\/p><p>V\u00e5r webbbshop\u00a0\u00e4r den perfekta platsen att k\u00f6pa ting med anknytning till Sverige, eller specifikt Dalarna. Kanske som souvenir fr\u00e5n en resa, en present till en v\u00e4n, eller till dig sj\u00e4lv f\u00f6r att inreda ditt hem med ikonisk konst av Carl och Karin Larsson.<\/p>\t\t\t\t\t\t<\/div>\n\t\t\t\t<\/div>\n\t\t\t\t\t<\/div>\n\t\t<\/div>\n\t\t\t\t\t<\/div>\n\t\t<\/div>\n\t\t\t\t<\/div>\n\t\t","protected":false},"excerpt":{"rendered":"<p>Carl Larsson-g\u00e5rdens butik \u00e4r fylld av Carl och Karin Larssons konstn\u00e4rskap med noga utvald formgivning direkt fr\u00e5n g\u00e5rden. I v\u00e5r webbbshop\u00a0har vi samlat de mest popul\u00e4ra produkterna som alla l\u00e5nat detaljer fr\u00e5n konstn\u00e4rsparets m\u00e5lningar och textilier. H\u00e4r hittar du reproduktioner fr\u00e5n Carl mest \u00e4lskade m\u00e5lningar och ett rikt utbud av b\u00f6cker om Konstn\u00e4rshemmet och Carl [&hellip;]<\/p>\n","protected":false},"author":1,"featured_media":0,"parent":0,"menu_order":0,"comment_status":"closed","ping_status":"closed","template":"elementor_header_footer","meta":{"inline_featured_image":false,"footnotes":""},"class_list":["post-6198","page","type-page","status-publish","hentry"],"_links":{"self":[{"href":"https:\/\/carllarsson.se\/shop\/wp-json\/wp\/v2\/pages\/6198","targetHints":{"allow":["GET"]}}],"collection":[{"href":"https:\/\/carllarsson.se\/shop\/wp-json\/wp\/v2\/pages"}],"about":[{"href":"https:\/\/carllarsson.se\/shop\/wp-json\/wp\/v2\/types\/page"}],"author":[{"embeddable":true,"href":"https:\/\/carllarsson.se\/shop\/wp-json\/wp\/v2\/users\/1"}],"replies":[{"embeddable":true,"href":"https:\/\/carllarsson.se\/shop\/wp-json\/wp\/v2\/comments?post=6198"}],"version-history":[{"count":0,"href":"https:\/\/carllarsson.se\/shop\/wp-json\/wp\/v2\/pages\/6198\/revisions"}],"wp:attachment":[{"href":"https:\/\/carllarsson.se\/shop\/wp-json\/wp\/v2\/media?parent=6198"}],"curies":[{"name":"wp","href":"https:\/\/api.w.org\/{rel}","templated":true}]}}