{"id":10060,"date":"2026-04-21T16:55:36","date_gmt":"2021-11-08T13:49:39","guid":{"rendered":"https:\/\/dev.norkay.se\/clgshop\/product\/spelkort-kerstis-sladfard\/"},"modified":"2026-04-21T16:55:36","modified_gmt":"2026-04-21T16:55:36","slug":"spelkort-kerstis-sladfard","status":"publish","type":"product","link":"https:\/\/carllarsson.se\/shop\/product\/spelkort-kerstis-sladfard\/","title":{"rendered":"Spelkort \u2013 Kerstis sl\u00e4df\u00e4rd"},"content":{"rendered":"<p>Kortlek med svenska kl\u00e4dda kort.<br \/>\nMotiv Carl Larssons m\u00e5lning Kerstis sl\u00e4df\u00e4rd, 1901.<\/p>\n<p>I sin kassabok har Carl Larsson antecknat: \u00bb1901 Vignett till Jultomten: Kersti i sl\u00e4den 500 kr.\u00ab Den av tv\u00e5 julbockar dragna sl\u00e4den med jultomten som h\u00e5ller i t\u00f6mmarna och Kersti som passagerare \u00e4r i full fart p\u00e5 v\u00e4g till Sundborns kyrka, som ses i bakgrunden.<\/p>\n","protected":false},"excerpt":{"rendered":"<p>Kortlek med svenska kl\u00e4dda kort. Motiv Carl Larssons m\u00e5lning Kerstis sl\u00e4df\u00e4rd<\/p>\n","protected":false},"featured_media":10794,"template":"","meta":{"inline_featured_image":false},"product_cat":[153],"product_tag":[412],"class_list":{"0":"post-10060","1":"product","2":"type-product","3":"status-publish","4":"has-post-thumbnail","6":"product_cat-pussel-och-kortlekar","7":"product_tag-jul","9":"first","10":"instock","11":"taxable","12":"shipping-taxable","13":"purchasable","14":"product-type-simple"},"_links":{"self":[{"href":"https:\/\/carllarsson.se\/shop\/wp-json\/wp\/v2\/product\/10060","targetHints":{"allow":["GET"]}}],"collection":[{"href":"https:\/\/carllarsson.se\/shop\/wp-json\/wp\/v2\/product"}],"about":[{"href":"https:\/\/carllarsson.se\/shop\/wp-json\/wp\/v2\/types\/product"}],"wp:featuredmedia":[{"embeddable":true,"href":"https:\/\/carllarsson.se\/shop\/wp-json\/wp\/v2\/media\/10794"}],"wp:attachment":[{"href":"https:\/\/carllarsson.se\/shop\/wp-json\/wp\/v2\/media?parent=10060"}],"wp:term":[{"taxonomy":"product_cat","embeddable":true,"href":"https:\/\/carllarsson.se\/shop\/wp-json\/wp\/v2\/product_cat?post=10060"},{"taxonomy":"product_tag","embeddable":true,"href":"https:\/\/carllarsson.se\/shop\/wp-json\/wp\/v2\/product_tag?post=10060"}],"curies":[{"name":"wp","href":"https:\/\/api.w.org\/{rel}","templated":true}]}}