{"id":10164,"date":"2026-05-10T18:05:10","date_gmt":"2021-11-08T13:49:52","guid":{"rendered":"https:\/\/dev.norkay.se\/clgshop\/product\/bricka-rund-de-mina\/"},"modified":"2026-05-10T18:05:10","modified_gmt":"2026-05-10T18:05:10","slug":"bricka-rund-de-mina","status":"publish","type":"product","link":"https:\/\/carllarsson.se\/shop\/product\/bricka-rund-de-mina\/","title":{"rendered":"Bricka, rund &#8211; De mina"},"content":{"rendered":"<p>M\u00f6nstret till &#8217;De mina&#8217; kommer ifr\u00e5n f\u00f6rs\u00e4ttningsbladen p\u00e5 n\u00e5gra av Carl Larssons b\u00f6cker, bland annat boken &#8217;De mina&#8217;.<\/p>\n<p>Brickan \u00e4r gjord av bj\u00f6rk i Sverige.<\/p>\n<p>G\u00e5r bra att maskindiska.<\/p>\n<p>38 cm\u00a0<\/p>\n","protected":false},"excerpt":{"rendered":"<p>Svensktillverkad fan\u00e9rbricka i bj\u00f6rk. 38 cm<\/p>\n","protected":false},"featured_media":12235,"template":"","meta":{"inline_featured_image":false},"product_cat":[85],"product_tag":[],"class_list":{"0":"post-10164","1":"product","2":"type-product","3":"status-publish","4":"has-post-thumbnail","6":"product_cat-brickor","8":"first","9":"instock","10":"taxable","11":"shipping-taxable","12":"purchasable","13":"product-type-simple"},"_links":{"self":[{"href":"https:\/\/carllarsson.se\/shop\/wp-json\/wp\/v2\/product\/10164","targetHints":{"allow":["GET"]}}],"collection":[{"href":"https:\/\/carllarsson.se\/shop\/wp-json\/wp\/v2\/product"}],"about":[{"href":"https:\/\/carllarsson.se\/shop\/wp-json\/wp\/v2\/types\/product"}],"wp:featuredmedia":[{"embeddable":true,"href":"https:\/\/carllarsson.se\/shop\/wp-json\/wp\/v2\/media\/12235"}],"wp:attachment":[{"href":"https:\/\/carllarsson.se\/shop\/wp-json\/wp\/v2\/media?parent=10164"}],"wp:term":[{"taxonomy":"product_cat","embeddable":true,"href":"https:\/\/carllarsson.se\/shop\/wp-json\/wp\/v2\/product_cat?post=10164"},{"taxonomy":"product_tag","embeddable":true,"href":"https:\/\/carllarsson.se\/shop\/wp-json\/wp\/v2\/product_tag?post=10164"}],"curies":[{"name":"wp","href":"https:\/\/api.w.org\/{rel}","templated":true}]}}