{"id":10171,"date":"2026-05-04T15:45:08","date_gmt":"2021-11-08T13:49:52","guid":{"rendered":"https:\/\/dev.norkay.se\/clgshop\/product\/bricka-nyponblom-oval-liten\/"},"modified":"2026-05-04T15:45:09","modified_gmt":"2026-05-04T15:45:09","slug":"bricka-nyponblom-oval-liten","status":"publish","type":"product","link":"https:\/\/carllarsson.se\/shop\/product\/bricka-nyponblom-oval-liten\/","title":{"rendered":"Bricka, oval liten &#8211; Nyponblom"},"content":{"rendered":"<p>Svensktillverkad fan\u00e9rbricka i bj\u00f6rk. Maskindiskbar. M\u00e5lningen \u00e4r en olja p\u00e5 pann\u00e5 fr\u00e5n 1892 och motivet p\u00e5 brickan \u00e4r h\u00e4mtat fr\u00e5n en gratulations m\u00e5lning till Karin av Carl. M\u00e5lningen h\u00e4nger i Karins sovrum.<\/p>\n<p>M\u00e5tt: 31 x 22 cm.\u00a0<\/p>\n","protected":false},"excerpt":{"rendered":"<p>Svensktillverkad fan\u00e9rbricka i bj\u00f6rk. 31 x 22 cm<\/p>\n","protected":false},"featured_media":12130,"template":"","meta":{"inline_featured_image":false},"product_cat":[85],"product_tag":[423],"class_list":{"0":"post-10171","1":"product","2":"type-product","3":"status-publish","4":"has-post-thumbnail","6":"product_cat-brickor","7":"product_tag-brickor","9":"first","10":"instock","11":"taxable","12":"shipping-taxable","13":"purchasable","14":"product-type-simple"},"_links":{"self":[{"href":"https:\/\/carllarsson.se\/shop\/wp-json\/wp\/v2\/product\/10171","targetHints":{"allow":["GET"]}}],"collection":[{"href":"https:\/\/carllarsson.se\/shop\/wp-json\/wp\/v2\/product"}],"about":[{"href":"https:\/\/carllarsson.se\/shop\/wp-json\/wp\/v2\/types\/product"}],"wp:featuredmedia":[{"embeddable":true,"href":"https:\/\/carllarsson.se\/shop\/wp-json\/wp\/v2\/media\/12130"}],"wp:attachment":[{"href":"https:\/\/carllarsson.se\/shop\/wp-json\/wp\/v2\/media?parent=10171"}],"wp:term":[{"taxonomy":"product_cat","embeddable":true,"href":"https:\/\/carllarsson.se\/shop\/wp-json\/wp\/v2\/product_cat?post=10171"},{"taxonomy":"product_tag","embeddable":true,"href":"https:\/\/carllarsson.se\/shop\/wp-json\/wp\/v2\/product_tag?post=10171"}],"curies":[{"name":"wp","href":"https:\/\/api.w.org\/{rel}","templated":true}]}}