{"id":10172,"date":"2026-05-10T18:05:10","date_gmt":"2021-11-08T13:49:52","guid":{"rendered":"https:\/\/dev.norkay.se\/clgshop\/product\/bricka-pioner-rektangular\/"},"modified":"2026-05-10T18:05:10","modified_gmt":"2026-05-10T18:05:10","slug":"bricka-pioner-rektangular","status":"publish","type":"product","link":"https:\/\/carllarsson.se\/shop\/product\/bricka-pioner-rektangular\/","title":{"rendered":"Bricka, rektangul\u00e4r &#8211; Pioner"},"content":{"rendered":"<p>Svensktillverkad fan\u00e9rbricka i bj\u00f6rk.<br \/>\nMaskindiskbar. M\u00e5tt: 42,5&#215;22 cm.<\/p>\n<p>Pioner \u00e4r en m\u00e5lning i olja fr\u00e5n 1892 med p\u00e5skriften \u201dTill min Karin\u201d. <\/p>\n<p>Motivet p\u00e5 brickan \u00e4r h\u00e4mtat fr\u00e5n en gratulations m\u00e5lning till Karin av Carl och m\u00e5lningen h\u00e4nger i Karins sovrum p\u00e5 Lilla Hyttn\u00e4s.<\/p>\n<p>I Carl och Karins rabatter finns bland annat pionsorterna Rubra Plena, Alba Plena och Bondpion i olika f\u00e4rger. Du kan utan kostnad ladda ner v\u00e5r app \u201dCarl och Karin\u201d \u2013 d\u00e4r presenterar vi bland annat alla rabatter med de olika v\u00e4xterna och blommorna som finns p\u00e5 Lilla Hyttn\u00e4s.<\/p>\n","protected":false},"excerpt":{"rendered":"<p>Svensktillverkad fan\u00e9rbricka i bj\u00f6rk.43 x 22 cm<\/p>\n","protected":false},"featured_media":12162,"template":"","meta":{"inline_featured_image":false},"product_cat":[85],"product_tag":[423],"class_list":{"0":"post-10172","1":"product","2":"type-product","3":"status-publish","4":"has-post-thumbnail","6":"product_cat-brickor","7":"product_tag-brickor","9":"first","10":"instock","11":"taxable","12":"shipping-taxable","13":"purchasable","14":"product-type-simple"},"_links":{"self":[{"href":"https:\/\/carllarsson.se\/shop\/wp-json\/wp\/v2\/product\/10172","targetHints":{"allow":["GET"]}}],"collection":[{"href":"https:\/\/carllarsson.se\/shop\/wp-json\/wp\/v2\/product"}],"about":[{"href":"https:\/\/carllarsson.se\/shop\/wp-json\/wp\/v2\/types\/product"}],"wp:featuredmedia":[{"embeddable":true,"href":"https:\/\/carllarsson.se\/shop\/wp-json\/wp\/v2\/media\/12162"}],"wp:attachment":[{"href":"https:\/\/carllarsson.se\/shop\/wp-json\/wp\/v2\/media?parent=10172"}],"wp:term":[{"taxonomy":"product_cat","embeddable":true,"href":"https:\/\/carllarsson.se\/shop\/wp-json\/wp\/v2\/product_cat?post=10172"},{"taxonomy":"product_tag","embeddable":true,"href":"https:\/\/carllarsson.se\/shop\/wp-json\/wp\/v2\/product_tag?post=10172"}],"curies":[{"name":"wp","href":"https:\/\/api.w.org\/{rel}","templated":true}]}}