{"id":10514,"date":"2026-05-10T18:05:12","date_gmt":"2021-12-07T12:19:23","guid":{"rendered":"https:\/\/dev.norkay.se\/clgshop\/product\/bricka-julaftonen\/"},"modified":"2026-05-10T18:05:12","modified_gmt":"2026-05-10T18:05:12","slug":"bricka-julaftonen","status":"publish","type":"product","link":"https:\/\/carllarsson.se\/shop\/product\/bricka-julaftonen\/","title":{"rendered":"Bricka \u2013 Julaftonen"},"content":{"rendered":"<p>Svensktillverkad fan\u00e9rbricka i bj\u00f6rk. Maskindiskbar. M\u00e5tt: 20&#215;27 cm.<\/p>\n<p>Reproduktion av Carl Larssons m\u00e5lning Julaftonen, 1904-1905.<\/p>\n<p>Bland annat detta ber\u00e4ttar Carl Larsson om JULAFTONEN: \u00bbF\u00f6rst kommer vedkarlen, gamle skefbente Johan Holm. S\u00e5 hj\u00e4lpes farfar ur giggen, och s\u00e5 kommer den gubben strubblande p\u00e5 \u00e4nnu klenare ben. St\u00f6dande sig p\u00e5 sina tv\u00e5 k\u00e4ppar, knogar han fram \u00f6fver atelj\u00e9golfvet och placeras genast fr\u00e5n b\u00f6rjan i stora stoln. Midt p\u00e5 golfvet st\u00e5r det d\u00e4r l\u00e5nga bordet, ni vet, och det dignar, som man s\u00e4ger, under julmaten. Och hvad \u00e4r julmaten om ej allt hvad mitt landtbruk ger: det \u00e4r en sannskyldig landtbruksutst\u00e4llning, det \u00e4r det materiellas triumf och grand prix. I den \u00f6ppna spiseln slammar den ved, ni s\u00e5g huggas ner p\u00e5 denna boks f\u00f6rsta tafla. Men ljusen i de gamla sextonhundratalsstakarna \u00e4ro fr\u00e5n Liljeholmens stearinfabrik. Hvad som h\u00f6r till spetsglasen, ni se uppradade p\u00e5 hitre bordskanten, skola vi ej tala om, men \u00f6let, som Martina bjuder ur tr\u00e4st\u00e5nkan, \u00e4r hembryggdt! Att allt k\u00f6tt \u00e4r h\u00f6 det veta vi, b\u00f6nder; d\u00e4rf\u00f6r tycka vi det inte \u00e4r mer \u00e4n r\u00e4tt att b\u00e5de b\u00e5s, k\u00e4tte och stia f\u00e5tt ge sin tribut till julkalaset. Tank p\u00e5 syltan, den r\u00f6kta f\u00e5rbogen, k\u00f6ttbullarna och skinkan, den heliga julskinkan! Och refbensspj\u00e4llet och risgrynskorf och fl\u00e4skkorf och hackkorf och grisf\u00f6tterna, gubbar! Och bakverk, limpor och v\u00f6rtbr\u00f6d. Goda samveten och goda magar h\u00f6fves p\u00e5 julaftonen f\u00f6r att, pro primo, allt skall kunna smaka och, pro sekundo, f\u00f6r att magen skall kunna h\u00e5lla. All denna h\u00e4rlighet besk\u00e5das nu att b\u00f6rja med af gubbarna och barnungarna. S\u00e5 komma Johan, Johanna och Sanna, alla tre kappraka och med stela ansiktsuttryck. Men Johan hade fiolen under armen och Johanna en liten, liten skojig blink i ena \u00f6gat. &#8211; &#8211; -\u00ab P\u00e5 denna m\u00e5lning fr\u00e5n julen 1904 har Carl Larsson f\u00f6revigat alla familjemedlemmarna utom sig sj\u00e4lv. Bakom hemhj\u00e4lpen Martina i f\u00f6rgrunden st\u00e5r till v\u00e4nster Pontus och till h\u00f6ger, bakom Brita i r\u00f6d och Lisbeth i bl\u00e5 kl\u00e4nning, Suzanne. Esbj\u00f6rn st\u00e5r vid bordets kort\u00e4nda framf\u00f6r r\u00e4ttarfolket fr\u00e5n Spadarvet. L\u00e4ngst till h\u00f6ger st\u00e5r Ulf bakom Carl Larssons far, som har Kersti och Karin intill sig. Vid reproducering av denna akvarell har tyv\u00e4rr ofta b\u00e5de Pontus och Ulf i ytterkanterna skurits bort.<\/p>\n","protected":false},"excerpt":{"rendered":"<p>Svensktillverkad fan\u00e9rbricka i bj\u00f6rk. 20 x 27 cm<\/p>\n","protected":false},"featured_media":10529,"template":"","meta":{"inline_featured_image":false},"product_cat":[85],"product_tag":[412],"class_list":{"0":"post-10514","1":"product","2":"type-product","3":"status-publish","4":"has-post-thumbnail","6":"product_cat-brickor","7":"product_tag-jul","9":"first","10":"instock","11":"taxable","12":"shipping-taxable","13":"purchasable","14":"product-type-simple"},"_links":{"self":[{"href":"https:\/\/carllarsson.se\/shop\/wp-json\/wp\/v2\/product\/10514","targetHints":{"allow":["GET"]}}],"collection":[{"href":"https:\/\/carllarsson.se\/shop\/wp-json\/wp\/v2\/product"}],"about":[{"href":"https:\/\/carllarsson.se\/shop\/wp-json\/wp\/v2\/types\/product"}],"wp:featuredmedia":[{"embeddable":true,"href":"https:\/\/carllarsson.se\/shop\/wp-json\/wp\/v2\/media\/10529"}],"wp:attachment":[{"href":"https:\/\/carllarsson.se\/shop\/wp-json\/wp\/v2\/media?parent=10514"}],"wp:term":[{"taxonomy":"product_cat","embeddable":true,"href":"https:\/\/carllarsson.se\/shop\/wp-json\/wp\/v2\/product_cat?post=10514"},{"taxonomy":"product_tag","embeddable":true,"href":"https:\/\/carllarsson.se\/shop\/wp-json\/wp\/v2\/product_tag?post=10514"}],"curies":[{"name":"wp","href":"https:\/\/api.w.org\/{rel}","templated":true}]}}