{"id":10515,"date":"2026-05-10T18:05:12","date_gmt":"2021-12-07T12:19:23","guid":{"rendered":"https:\/\/dev.norkay.se\/clgshop\/product\/bricka-brita-som-idun\/"},"modified":"2026-05-10T18:05:12","modified_gmt":"2026-05-10T18:05:12","slug":"bricka-brita-som-idun","status":"publish","type":"product","link":"https:\/\/carllarsson.se\/shop\/product\/bricka-brita-som-idun\/","title":{"rendered":"Bricka, rund \u2013 Brita som Idun"},"content":{"rendered":"<p>Svensktillverkad fan\u00e9rbricka i bj\u00f6rk. Maskindiskbar. M\u00e5tt: 38 cm i diameter.<\/p>\n<p>Reproduktion av Carl Larssons m\u00e5lning Brita som Idun, akvarell 1900.<\/p>\n<p>I sin kassabok har Carl Larsson antecknat: \u00bb1901 Jan 16 En kolorerad teckning efter Brita s\u00e5ld till Iduns julnummer 400 kr.\u00ab Akvarellen var omslagsbild f\u00f6r Iduns julnummer 1901. Ur Idun nr 46 \u00e5r 1937 har h\u00e4mtats f\u00f6ljande text om denna tavla. Det var Brita som d\u00e5 hade intervjuats: \u00bbBrita \u00e4r v\u00e4lbekant f\u00f6r Iduns gamla l\u00e4sare &#8211; det var hon som leende och r\u00f6dblommig var avm\u00e5lad p\u00e5 julnumrets omslag 1901. Mor Karin hade sj\u00e4lv sytt den tomter\u00f6da kl\u00e4nningen och luvan och n\u00e4r pappan fick se henne komma med \u00e4ppelkorg och t\u00e4nda ljus kommenderade han genast: st\u00e5 still. Den lilla flickan ser ut som en bild av julen sj\u00e4lv, den jul som kommer med gl\u00e4dje, ljus och goda g\u00e5vor. Larssons ungar kunde st\u00e5 stilla l\u00e4nge med ett leende. De visste att det vankades modellpengar, en krona, kanske till och med tv\u00e5, och det var mycket p\u00e5 den tiden.\u00ab Ett brev fr\u00e5n Carl Larsson till Iduns redaktionssekreterare Johan Nordling &#8211; skrivet i Sundborn i maj 1904 &#8211; visar att denna akvarell av Brita med ljus och \u00e4pplen redan d\u00e5 var ett f\u00f6r reproducering efters\u00f6kt motiv: \u00bbK\u00e4re broder. Fr\u00e5n Illustrierte Zeitung kom anh\u00e5llan att f\u00e5 i boktryck reproducera fyra af mina i Dresden utst\u00e4llda arbeten deribland din \u00e4gande Brita med \u00e4pplen och ljusen (som, inom parenthes sagdt, museet der skulle velat k\u00f6pa), och jag gaf helt fr\u00e4ckt tillst\u00e5nd dertill&#8230;? Din Carl Larsson.\u00ab<\/p>\n","protected":false},"excerpt":{"rendered":"<p>Svensktillverkad fan\u00e9rbricka i bj\u00f6rk. 38 cm<\/p>\n","protected":false},"featured_media":10532,"template":"","meta":{"inline_featured_image":false},"product_cat":[85],"product_tag":[],"class_list":{"0":"post-10515","1":"product","2":"type-product","3":"status-publish","4":"has-post-thumbnail","6":"product_cat-brickor","8":"first","9":"instock","10":"taxable","11":"shipping-taxable","12":"purchasable","13":"product-type-simple"},"_links":{"self":[{"href":"https:\/\/carllarsson.se\/shop\/wp-json\/wp\/v2\/product\/10515","targetHints":{"allow":["GET"]}}],"collection":[{"href":"https:\/\/carllarsson.se\/shop\/wp-json\/wp\/v2\/product"}],"about":[{"href":"https:\/\/carllarsson.se\/shop\/wp-json\/wp\/v2\/types\/product"}],"wp:featuredmedia":[{"embeddable":true,"href":"https:\/\/carllarsson.se\/shop\/wp-json\/wp\/v2\/media\/10532"}],"wp:attachment":[{"href":"https:\/\/carllarsson.se\/shop\/wp-json\/wp\/v2\/media?parent=10515"}],"wp:term":[{"taxonomy":"product_cat","embeddable":true,"href":"https:\/\/carllarsson.se\/shop\/wp-json\/wp\/v2\/product_cat?post=10515"},{"taxonomy":"product_tag","embeddable":true,"href":"https:\/\/carllarsson.se\/shop\/wp-json\/wp\/v2\/product_tag?post=10515"}],"curies":[{"name":"wp","href":"https:\/\/api.w.org\/{rel}","templated":true}]}}