{"id":10519,"date":"2026-05-10T18:05:11","date_gmt":"2021-12-07T12:21:16","guid":{"rendered":"https:\/\/dev.norkay.se\/clgshop\/product\/bricka-julgranskonfekt\/"},"modified":"2026-05-10T18:05:11","modified_gmt":"2026-05-10T18:05:11","slug":"bricka-julgranskonfekt","status":"publish","type":"product","link":"https:\/\/carllarsson.se\/shop\/product\/bricka-julgranskonfekt\/","title":{"rendered":"Bricka \u2013 Julgranskonfekt"},"content":{"rendered":"<p>Svensktillverkad fan\u00e9rbricka i bj\u00f6rk. Maskindiskbar. M\u00e5tt: 20&#215;27 cm.<\/p>\n<p>Reproduktion av Carl Larssons m\u00e5lning Julgranskonfekt, akvarell, 1917 (n\u00e5got beskuren)<\/p>\n<p>Anna, eller Lillanna som den lilla Leksandskullan vanligtvis kallades hos Larssons, hade varit Carl Larssons modell redan 1912. Nu fem \u00e5r senare b\u00e4r hon i st\u00e4llet f\u00f6r den gula kl\u00e4nningen, som h\u00f6r till sm\u00e5flickornas dr\u00e4kt i Leksand, en svart kjol, ett r\u00f6drutigt f\u00f6rkl\u00e4de, en blommig sjal \u00f6ver den vita \u00f6verdelen och en blommig h\u00e4tta p\u00e5 h\u00e5ret. Hon st\u00e5r p\u00e5 en vitm\u00e5lad bondrokokostol och har f\u00e5tt tag i ett av de t\u00e4nda ljusen i julgranen intill. P\u00e5 golvet, det \u00e4r troligen i atelj\u00e9n i skolhush\u00e5llet, st\u00e5r bakom stolen, som Anna st\u00e5r p\u00e5, oljef\u00e4rgstavlan med Hammarby kyrka, som Carl Larsson m\u00e5lat sommaren 1916.<\/p>\n","protected":false},"excerpt":{"rendered":"<p>Svensktillverkad fan\u00e9rbricka i bj\u00f6rk. 20 x 27 cm<\/p>\n","protected":false},"featured_media":10530,"template":"","meta":{"inline_featured_image":false},"product_cat":[85],"product_tag":[415,412],"class_list":{"0":"post-10519","1":"product","2":"type-product","3":"status-publish","4":"has-post-thumbnail","6":"product_cat-brickor","7":"product_tag-1advent","8":"product_tag-jul","10":"first","11":"instock","12":"taxable","13":"shipping-taxable","14":"purchasable","15":"product-type-simple"},"_links":{"self":[{"href":"https:\/\/carllarsson.se\/shop\/wp-json\/wp\/v2\/product\/10519","targetHints":{"allow":["GET"]}}],"collection":[{"href":"https:\/\/carllarsson.se\/shop\/wp-json\/wp\/v2\/product"}],"about":[{"href":"https:\/\/carllarsson.se\/shop\/wp-json\/wp\/v2\/types\/product"}],"wp:featuredmedia":[{"embeddable":true,"href":"https:\/\/carllarsson.se\/shop\/wp-json\/wp\/v2\/media\/10530"}],"wp:attachment":[{"href":"https:\/\/carllarsson.se\/shop\/wp-json\/wp\/v2\/media?parent=10519"}],"wp:term":[{"taxonomy":"product_cat","embeddable":true,"href":"https:\/\/carllarsson.se\/shop\/wp-json\/wp\/v2\/product_cat?post=10519"},{"taxonomy":"product_tag","embeddable":true,"href":"https:\/\/carllarsson.se\/shop\/wp-json\/wp\/v2\/product_tag?post=10519"}],"curies":[{"name":"wp","href":"https:\/\/api.w.org\/{rel}","templated":true}]}}