{"id":10578,"date":"2026-05-03T16:20:39","date_gmt":"2021-12-08T11:55:57","guid":{"rendered":"https:\/\/dev.norkay.se\/clgshop\/product\/pussel-blomsterfonstret-1000-bitar\/"},"modified":"2026-05-03T16:20:39","modified_gmt":"2026-05-03T16:20:39","slug":"pussel-blomsterfonstret-1000-bitar","status":"publish","type":"product","link":"https:\/\/carllarsson.se\/shop\/product\/pussel-blomsterfonstret-1000-bitar\/","title":{"rendered":"Pussel, 1000 bitar \u2013 Blomsterf\u00f6nstret"},"content":{"rendered":"<p>Motiv: Blomsterf\u00f6nstret. Akvarell, 1894.<\/p>\n<p>Det \u00e4r Suzanne, som st\u00e5r och vattnar blommorna i F\u00f6rmakets stora s\u00f6derf\u00f6nster.<\/p>\n","protected":false},"excerpt":{"rendered":"<p>Motiv Blomsterf\u00f6nstret<\/p>\n","protected":false},"featured_media":10815,"template":"","meta":{"inline_featured_image":false},"product_cat":[153],"product_tag":[],"class_list":{"0":"post-10578","1":"product","2":"type-product","3":"status-publish","4":"has-post-thumbnail","6":"product_cat-pussel-och-kortlekar","8":"first","9":"instock","10":"taxable","11":"shipping-taxable","12":"purchasable","13":"product-type-simple"},"_links":{"self":[{"href":"https:\/\/carllarsson.se\/shop\/wp-json\/wp\/v2\/product\/10578","targetHints":{"allow":["GET"]}}],"collection":[{"href":"https:\/\/carllarsson.se\/shop\/wp-json\/wp\/v2\/product"}],"about":[{"href":"https:\/\/carllarsson.se\/shop\/wp-json\/wp\/v2\/types\/product"}],"wp:featuredmedia":[{"embeddable":true,"href":"https:\/\/carllarsson.se\/shop\/wp-json\/wp\/v2\/media\/10815"}],"wp:attachment":[{"href":"https:\/\/carllarsson.se\/shop\/wp-json\/wp\/v2\/media?parent=10578"}],"wp:term":[{"taxonomy":"product_cat","embeddable":true,"href":"https:\/\/carllarsson.se\/shop\/wp-json\/wp\/v2\/product_cat?post=10578"},{"taxonomy":"product_tag","embeddable":true,"href":"https:\/\/carllarsson.se\/shop\/wp-json\/wp\/v2\/product_tag?post=10578"}],"curies":[{"name":"wp","href":"https:\/\/api.w.org\/{rel}","templated":true}]}}