{"id":12023,"date":"2026-05-08T02:20:11","date_gmt":"2022-06-04T23:18:08","guid":{"rendered":"https:\/\/carllarsson.se\/shop\/product\/karin-bergoo-larsson-textilkonstnar-mellan-jugend\/"},"modified":"2026-05-08T02:20:11","modified_gmt":"2026-05-08T02:20:11","slug":"karin-bergoo-larsson-textilkonstnar-mellan-jugend","status":"publish","type":"product","link":"https:\/\/carllarsson.se\/shop\/product\/karin-bergoo-larsson-textilkonstnar-mellan-jugend\/","title":{"rendered":"Karin Berg\u00f6\u00f6 Larsson Textilkonstn\u00e4r mellan jugend och modernism"},"content":{"rendered":"<p>Karin Berg\u00f6\u00f6 Larsson<br \/>\nTextilkonstn\u00e4r mellan jugend och modernism<\/p>\n<p>F\u00f6rfattare Eva Sundstr\u00f6m<\/p>\n<p>Alla k\u00e4nner till Carl Larsson-g\u00e5rden i Sundborn, det v\u00e4rldsber\u00f6mda konstn\u00e4rshemmet i Dalarna. Alla vet vem Carl Larsson var.<br \/>\nOch alla har sett hans Karin p\u00e5 tavlorna. M\u00e5nga vet ocks\u00e5 att hon i likhet med sin man hade konstn\u00e4rlig beg\u00e5vning och en gedigen konstn\u00e4rsutbildning. Hennes inredningstextilier, s\u00e5 nyskapande i f\u00e4rg och form, har v\u00e4ckt m\u00e5ngas beundran och f\u00f6rundran. Men f\u00e5 har g\u00e5tt p\u00e5 djupet om exakt vari det nyskapande best\u00e5r.<\/p>\n<p>I boken beskrivs textilvetenskapligt och konstvetenskapligt ett stort antal av Karins textilier, de olika teknikerna och inspirationsk\u00e4llorna i ov\u00e4ntade och egna kombinationer. H\u00e4r tecknas den bakgrund mot vilken Karin utvecklade sitt konstn\u00e4rskap och sin syn p\u00e5 hem och familj, heminredning och mode. Vi inser hur hon gjorde n\u00e5got eget av allt det hon tog in \u2013 och att hon gjorde det med den nyfikenhet och det \u00f6ppna sinne som v\u00e4gledde henne under ungdoms\u00e5ren i Stockholm och i Paris p\u00e5 1870- och 1880-talen och som hon sedan beh\u00f6ll livet ut.<\/p>\n","protected":false},"excerpt":{"rendered":"<p>I boken beskrivs textilvetenskapligt och konstvetenskapligt ett stort antal av Karins textilier, de olika teknikerna och inspirationsk\u00e4llorna i ov\u00e4ntade och egna kombinationer.<\/p>\n","protected":false},"featured_media":12026,"template":"","meta":{"inline_featured_image":false},"product_cat":[70],"product_tag":[412],"class_list":{"0":"post-12023","1":"product","2":"type-product","3":"status-publish","4":"has-post-thumbnail","6":"product_cat-bocker","7":"product_tag-jul","9":"first","10":"instock","11":"taxable","12":"shipping-taxable","13":"purchasable","14":"product-type-simple"},"_links":{"self":[{"href":"https:\/\/carllarsson.se\/shop\/wp-json\/wp\/v2\/product\/12023","targetHints":{"allow":["GET"]}}],"collection":[{"href":"https:\/\/carllarsson.se\/shop\/wp-json\/wp\/v2\/product"}],"about":[{"href":"https:\/\/carllarsson.se\/shop\/wp-json\/wp\/v2\/types\/product"}],"wp:featuredmedia":[{"embeddable":true,"href":"https:\/\/carllarsson.se\/shop\/wp-json\/wp\/v2\/media\/12026"}],"wp:attachment":[{"href":"https:\/\/carllarsson.se\/shop\/wp-json\/wp\/v2\/media?parent=12023"}],"wp:term":[{"taxonomy":"product_cat","embeddable":true,"href":"https:\/\/carllarsson.se\/shop\/wp-json\/wp\/v2\/product_cat?post=12023"},{"taxonomy":"product_tag","embeddable":true,"href":"https:\/\/carllarsson.se\/shop\/wp-json\/wp\/v2\/product_tag?post=12023"}],"curies":[{"name":"wp","href":"https:\/\/api.w.org\/{rel}","templated":true}]}}