{"id":12033,"date":"2026-05-13T17:30:14","date_gmt":"2022-06-11T10:37:34","guid":{"rendered":"https:\/\/carllarsson.se\/shop\/product\/karin-larssons-barndom-en-berattelse-om-karins-fam\/"},"modified":"2026-05-13T17:30:14","modified_gmt":"2026-05-13T17:30:14","slug":"karin-larssons-barndom-en-berattelse-om-karins-fam","status":"publish","type":"product","link":"https:\/\/carllarsson.se\/shop\/product\/karin-larssons-barndom-en-berattelse-om-karins-fam\/","title":{"rendered":"Karin Larssons barndom En ber\u00e4ttelse om Karins fam"},"content":{"rendered":"<p>Det h\u00e4r \u00e4r en bok om Karin Larssons barndom. Hon f\u00f6ddes 1859 i \u00d6rebro och flyttade som sex\u00e5ring med familjen till Hallsberg. Som flicka hette hon Karin Berg\u00f6\u00f6. Hon utbildade sig senare p\u00e5 Konstakademin och gifte sig 1883 med konstn\u00e4rskollegan Carl Larsson. Tillsammans skapade de sig det hem som idag \u00e4r Carl Larsson-g\u00e5rden i Sundborn.<\/p>\n<p>Det h\u00e4r \u00e4r en ber\u00e4ttelse om Karins f\u00f6r\u00e4ldrar, sl\u00e4kt och v\u00e4nner. Om Karins barndom i \u00d6rebro och Hallsberg, men framf\u00f6r allt en ber\u00e4ttelse om Karins pappa, handelsmannen Adolf Berg\u00f6\u00f6 och hans hustru Hilda samt om Hildas f\u00f6r\u00e4ldrar. Hur de i gl\u00e4dje och sorg upplevde \u00d6rebro och Hallsberg p\u00e5 1850- och 1860-talet: Stadsbranden, aff\u00e4rslivet och j\u00e4rnv\u00e4gens tillkomst, samt om f\u00f6rlovning, \u00e4ktenskap och barnaf\u00f6dslar.<\/p>\n<p>F\u00f6rfattare: Curt Fr\u00f6berg<br \/>\nFormat: H\u00e4ftad<br \/>\nSpr\u00e5k: Svenska<br \/>\nAntal sidor: 120<br \/>\nUtgivningsdatum 2022-05-18<br \/>\nISBN: 9789180078160<\/p>\n","protected":false},"excerpt":{"rendered":"<p>En ber\u00e4ttelse om Karins familj<\/p>\n","protected":false},"featured_media":12042,"template":"","meta":{"inline_featured_image":false},"product_cat":[70],"product_tag":[],"class_list":{"0":"post-12033","1":"product","2":"type-product","3":"status-publish","4":"has-post-thumbnail","6":"product_cat-bocker","8":"first","9":"instock","10":"taxable","11":"shipping-taxable","12":"purchasable","13":"product-type-simple"},"_links":{"self":[{"href":"https:\/\/carllarsson.se\/shop\/wp-json\/wp\/v2\/product\/12033","targetHints":{"allow":["GET"]}}],"collection":[{"href":"https:\/\/carllarsson.se\/shop\/wp-json\/wp\/v2\/product"}],"about":[{"href":"https:\/\/carllarsson.se\/shop\/wp-json\/wp\/v2\/types\/product"}],"wp:featuredmedia":[{"embeddable":true,"href":"https:\/\/carllarsson.se\/shop\/wp-json\/wp\/v2\/media\/12042"}],"wp:attachment":[{"href":"https:\/\/carllarsson.se\/shop\/wp-json\/wp\/v2\/media?parent=12033"}],"wp:term":[{"taxonomy":"product_cat","embeddable":true,"href":"https:\/\/carllarsson.se\/shop\/wp-json\/wp\/v2\/product_cat?post=12033"},{"taxonomy":"product_tag","embeddable":true,"href":"https:\/\/carllarsson.se\/shop\/wp-json\/wp\/v2\/product_tag?post=12033"}],"curies":[{"name":"wp","href":"https:\/\/api.w.org\/{rel}","templated":true}]}}