{"id":12254,"date":"2026-05-05T18:15:25","date_gmt":"2022-11-10T10:12:06","guid":{"rendered":"https:\/\/carllarsson.se\/shop\/product\/konsol-matsal\/"},"modified":"2026-05-05T18:15:25","modified_gmt":"2026-05-05T18:15:25","slug":"konsol-matsal","status":"publish","type":"product","link":"https:\/\/carllarsson.se\/shop\/product\/konsol-matsal\/","title":{"rendered":"Konsol Matsal"},"content":{"rendered":"<p>I matrummet p\u00e5 Carl Larssons Lilla Hyttn\u00e4s finns en n\u00e4tt liten hylla i nationalromantisk stil som \u00e4r f\u00f6rlaga till denna hylla. Med konsolernas enkelt tills\u00e5gade men mjukt b\u00f6ljande form f\u00f6r den tankarna till allmogestil.<\/p>\n<p>Hyllan \u00e5terfinns \u00e4ven i flera av Carl Larssons avbildningar av matsalen som den s\u00e5g ut n\u00e4r familjen huserade p\u00e5 Lilla Hyttn\u00e4s. M\u00e5lningarna heter exempelvis &#8221;Gamla Anna&#8221;, &#8221;Karin l\u00e4ser&#8221; och &#8221;Till en liten vira&#8221; och skildrar familjens vardag och liv.<\/p>\n<p>Konsollen \u00e4r framtagen i ett samarbete mellan Byggfabriken och Carl Larsson-g\u00e5rden.<\/p>\n<p>Kan m\u00e5las, betsas, vaxas eller oljas.<\/p>\n<p>Officiell partner f\u00f6r bevarandet av Carl Larsson-g\u00e5rden Sundborn och kulturarvet efter Carl och Karin Larsson.<\/p>\n<p>Storlek: 190&#215;110<\/p>\n<p>Material: Tr\u00e4<\/p>\n<p>Ytbehandling: Obehandlad<\/p>\n<p>Stil: Sekelskifte 1900, 1800-tal och tidigare<\/p>\n","protected":false},"excerpt":{"rendered":"<p>I matrummet p\u00e5 Carl Larssons Lilla Hyttn\u00e4s finns en n\u00e4tt liten hylla i nationalromantisk stil som \u00e4r f\u00f6rlaga till denna hylla. Med konsolernas enkelt tills\u00e5gade men mjukt b\u00f6ljande form f\u00f6r den tankarna till allmogestil. Hyllan \u00e5terfinns \u00e4ven i flera av Carl Larssons avbildningar av matsalen som den s\u00e5g ut n\u00e4r familjen huserade p\u00e5 Lilla Hyttn\u00e4s. [&hellip;]<\/p>\n","protected":false},"featured_media":13406,"template":"","meta":{"inline_featured_image":false},"product_cat":[130],"product_tag":[413,412],"class_list":{"0":"post-12254","1":"product","2":"type-product","3":"status-publish","4":"has-post-thumbnail","6":"product_cat-inredningsdetaljer","7":"product_tag-inredning","8":"product_tag-jul","10":"first","11":"instock","12":"taxable","13":"shipping-taxable","14":"purchasable","15":"product-type-simple"},"_links":{"self":[{"href":"https:\/\/carllarsson.se\/shop\/wp-json\/wp\/v2\/product\/12254","targetHints":{"allow":["GET"]}}],"collection":[{"href":"https:\/\/carllarsson.se\/shop\/wp-json\/wp\/v2\/product"}],"about":[{"href":"https:\/\/carllarsson.se\/shop\/wp-json\/wp\/v2\/types\/product"}],"wp:featuredmedia":[{"embeddable":true,"href":"https:\/\/carllarsson.se\/shop\/wp-json\/wp\/v2\/media\/13406"}],"wp:attachment":[{"href":"https:\/\/carllarsson.se\/shop\/wp-json\/wp\/v2\/media?parent=12254"}],"wp:term":[{"taxonomy":"product_cat","embeddable":true,"href":"https:\/\/carllarsson.se\/shop\/wp-json\/wp\/v2\/product_cat?post=12254"},{"taxonomy":"product_tag","embeddable":true,"href":"https:\/\/carllarsson.se\/shop\/wp-json\/wp\/v2\/product_tag?post=12254"}],"curies":[{"name":"wp","href":"https:\/\/api.w.org\/{rel}","templated":true}]}}