{"id":12328,"date":"2026-04-24T15:55:23","date_gmt":"2022-11-16T10:25:55","guid":{"rendered":"https:\/\/carllarsson.se\/shop\/product\/julgransfot-carl-larsson\/"},"modified":"2026-04-24T15:55:23","modified_gmt":"2026-04-24T15:55:23","slug":"julgransfot-carl-larsson","status":"publish","type":"product","link":"https:\/\/carllarsson.se\/shop\/product\/julgransfot-carl-larsson\/","title":{"rendered":"Julgransfot Carl Larsson"},"content":{"rendered":"<p>Julgransfoten \u00e4r n\u00e4tt och sm\u00e4cker i sitt formspr\u00e5k dekorerad med en kombination av geometriska former i en lek med fyrkanter och valv som h\u00f6r det tidiga 1900-talet till. M\u00f6nstret \u00e4r genombrutet och ligger \u00e4ven som relief. P\u00e5 den gr\u00f6na varianten har valda detaljer i reliefm\u00f6nstret handm\u00e5lats med guldf\u00e4rg.<\/p>\n<p>F\u00f6rlagan till julgransfoten hittade vi vid v\u00e5rt bes\u00f6k i Carl och Karin Larssons hem Lilla Hyttn\u00e4s i Sundborn.<\/p>\n<p>Lilla Hyttn\u00e4s har kommit att f\u00e5 representera bilden av ett svenskt konstn\u00e4rshem och har \u00e4ven pr\u00e4glat s\u00e4ttet vi ser p\u00e5 svensk inredningsstil. <\/p>\n<p>Officiell partner f\u00f6r bevarandet av Carl Larsson-g\u00e5rden Sundborn och kulturarvet efter Carl och Karin Larsson. Julgransfoten \u00e4r framtagen i ett samarbete mellan Byggfabriken och Carl Larsson-g\u00e5rden.<\/p>\n<p>Producerad av och f\u00f6r Byggfabriken och s\u00e4ljs unikt hos Byggfabriken och Carl Larsson-g\u00e5rden.<\/p>\n<p>Storlek: 330&#215;200 mm<\/p>\n<p>Material: Gjutj\u00e4rn<\/p>\n<p>Ytbehandling: Lackerad<\/p>\n<p>Stil: Sekelskifte 1900, 1920-tal<\/p>\n<p>Anv\u00e4ndning: Inomhus<\/p>\n","protected":false},"excerpt":{"rendered":"<p>Julgransfot av gr\u00f6nlackerat gjutj\u00e4rn. Framtagen efter f\u00f6rlaga fr\u00e5n Carl Larsson-g\u00e5rden i Sundborn. Rymmer ca 1 liter vatten. Medf\u00f6ljande l\u00e5da kan \u00e4ven anv\u00e4ndas som f\u00f6rvaring av julgransfoten.<\/p>\n","protected":false},"featured_media":12333,"template":"","meta":{"inline_featured_image":false},"product_cat":[130],"product_tag":[415,413,412],"class_list":{"0":"post-12328","1":"product","2":"type-product","3":"status-publish","4":"has-post-thumbnail","6":"product_cat-inredningsdetaljer","7":"product_tag-1advent","8":"product_tag-inredning","9":"product_tag-jul","11":"first","12":"outofstock","13":"taxable","14":"shipping-taxable","15":"purchasable","16":"product-type-simple"},"_links":{"self":[{"href":"https:\/\/carllarsson.se\/shop\/wp-json\/wp\/v2\/product\/12328","targetHints":{"allow":["GET"]}}],"collection":[{"href":"https:\/\/carllarsson.se\/shop\/wp-json\/wp\/v2\/product"}],"about":[{"href":"https:\/\/carllarsson.se\/shop\/wp-json\/wp\/v2\/types\/product"}],"wp:featuredmedia":[{"embeddable":true,"href":"https:\/\/carllarsson.se\/shop\/wp-json\/wp\/v2\/media\/12333"}],"wp:attachment":[{"href":"https:\/\/carllarsson.se\/shop\/wp-json\/wp\/v2\/media?parent=12328"}],"wp:term":[{"taxonomy":"product_cat","embeddable":true,"href":"https:\/\/carllarsson.se\/shop\/wp-json\/wp\/v2\/product_cat?post=12328"},{"taxonomy":"product_tag","embeddable":true,"href":"https:\/\/carllarsson.se\/shop\/wp-json\/wp\/v2\/product_tag?post=12328"}],"curies":[{"name":"wp","href":"https:\/\/api.w.org\/{rel}","templated":true}]}}