{"id":12329,"date":"2026-05-06T16:00:28","date_gmt":"2022-11-16T10:25:56","guid":{"rendered":"https:\/\/carllarsson.se\/shop\/product\/julgransmatta-karin-larsson\/"},"modified":"2026-05-06T16:00:29","modified_gmt":"2026-05-06T16:00:29","slug":"julgransmatta-karin-larsson","status":"publish","type":"product","link":"https:\/\/carllarsson.se\/shop\/product\/julgransmatta-karin-larsson\/","title":{"rendered":"Julgransmatta Karin Larsson"},"content":{"rendered":"<p>M\u00f6nstret kommer fr\u00e5n l\u00f6paren Sl\u00e4kttr\u00e4det, som \u00e4r formgiven av Karin Larsson 1897 och finns p\u00e5 Carl-Larssong\u00e5rden i Sundborn. L\u00f6paren f\u00f6rest\u00e4ller tv\u00e5 sl\u00e4kttr\u00e4d. Det ena sl\u00e4kttr\u00e4det med runda symboler representerar de sju barnen i familjen Larsson. Tr\u00e4det med trekantiga symboler s\u00e4gs g\u00e4lla sl\u00e4kten bak\u00e5t i tiden.<\/p>\n<p>Omarbetning av m\u00f6nstret till matta: Liebling Malm\u00f6.<\/p>\n<p>Lilla Hyttn\u00e4s har kommit att f\u00e5 representera bilden av ett svenskt konstn\u00e4rshem och har \u00e4ven pr\u00e4glat s\u00e4ttet vi ser p\u00e5 svensk inredningsstil. <\/p>\n<p>Officiell partner f\u00f6r bevarandet av Carl Larsson-g\u00e5rden Sundborn och kulturarvet efter Carl och Karin Larsson. Mattan \u00e4r framtagen i ett samarbete mellan Byggfabriken och Carl Larsson-g\u00e5rden.<\/p>\n<p>Producerad av och f\u00f6r Byggfabriken och s\u00e4ljs unikt hos Byggfabriken och Carl Larsson-g\u00e5rden.<\/p>\n<p>Handtryckt och tillverkad i Sverige.<\/p>\n<p>Storlek: 110 cm<\/p>\n<p>Material: Jute<\/p>\n<p>Stil: Sekelskifte 1900, 1920-tal<\/p>\n<p>Anv\u00e4ndning: Inomhus<\/p>\n","protected":false},"excerpt":{"rendered":"<p>Julgransmatta med handtryckt motiv p\u00e5 klassisk jutev\u00e4v. Motivet \u00e4r h\u00e4mtat fr\u00e5n Karin Larssons broderier p\u00e5 Carl Larssong\u00e5rden i Sundborn. Mattan \u00e4r 110 cm i diameter.<\/p>\n","protected":false},"featured_media":12331,"template":"","meta":{"inline_featured_image":false},"product_cat":[130],"product_tag":[415,413,412],"class_list":{"0":"post-12329","1":"product","2":"type-product","3":"status-publish","4":"has-post-thumbnail","6":"product_cat-inredningsdetaljer","7":"product_tag-1advent","8":"product_tag-inredning","9":"product_tag-jul","11":"first","12":"instock","13":"taxable","14":"shipping-taxable","15":"purchasable","16":"product-type-simple"},"_links":{"self":[{"href":"https:\/\/carllarsson.se\/shop\/wp-json\/wp\/v2\/product\/12329","targetHints":{"allow":["GET"]}}],"collection":[{"href":"https:\/\/carllarsson.se\/shop\/wp-json\/wp\/v2\/product"}],"about":[{"href":"https:\/\/carllarsson.se\/shop\/wp-json\/wp\/v2\/types\/product"}],"wp:featuredmedia":[{"embeddable":true,"href":"https:\/\/carllarsson.se\/shop\/wp-json\/wp\/v2\/media\/12331"}],"wp:attachment":[{"href":"https:\/\/carllarsson.se\/shop\/wp-json\/wp\/v2\/media?parent=12329"}],"wp:term":[{"taxonomy":"product_cat","embeddable":true,"href":"https:\/\/carllarsson.se\/shop\/wp-json\/wp\/v2\/product_cat?post=12329"},{"taxonomy":"product_tag","embeddable":true,"href":"https:\/\/carllarsson.se\/shop\/wp-json\/wp\/v2\/product_tag?post=12329"}],"curies":[{"name":"wp","href":"https:\/\/api.w.org\/{rel}","templated":true}]}}