{"id":12370,"date":"2026-05-05T18:15:31","date_gmt":"2022-11-21T14:04:21","guid":{"rendered":"https:\/\/carllarsson.se\/shop\/product\/kulram\/"},"modified":"2026-05-05T18:15:31","modified_gmt":"2026-05-05T18:15:31","slug":"kulram","status":"publish","type":"product","link":"https:\/\/carllarsson.se\/shop\/product\/kulram\/","title":{"rendered":"Kulram"},"content":{"rendered":"<p>Fem bl\u00e5 plus nio gr\u00f6na blir fjorton.<br \/>\nMen vad blir det om man ska f\u00e5 lika m\u00e5nga var?<br \/>\nNu blir det b\u00e5de enkelt och roligt l\u00e4ra sig r\u00e4kna.<br \/>\nI denna kulram finns det \u00e5tta rader med tio kulor p\u00e5 varje d\u00e4r barnen kan \u00f6va p\u00e5 alla v\u00e5ra fyra r\u00e4knes\u00e4tt &#8211; plus, minus, g\u00e5nger och delat med. <\/p>\n<p>Med denna r\u00e4kneleksak, ihop med kombinationen av olika f\u00e4rger, har du ett fantastiskt pedagogiskt verktyg f\u00f6r att l\u00e4ra barnen siffror precis som man gjorde n\u00e4r Karin och Carl Larsson sj\u00e4lva var unga.<br \/>\nP\u00e5 kulramens sida kan du hitta b\u00e5de Carls signatur och Kid&#8217;s Concepts logga inbr\u00e4nt i tr\u00e4t.<\/p>\n<p>Rek. \u00e5lder: 3 \u00e5r<\/p>\n<p>Produktm\u00e5tt cm (LxBxH): 30 x 6.5 x 25<\/p>\n<p>Material:<br \/>\nKulram: Bok.<br \/>\nKulor: Schima.<\/p>\n<p>F\u00e4rgtyp: Vattenbaserad f\u00e4rg<\/p>\n<p>Sk\u00f6tsel:<br \/>\nReng\u00f6r med fuktig trasa. Torka torrt med en ren trasa.<\/p>\n","protected":false},"excerpt":{"rendered":"<p>Fem bl\u00e5 plus nio gr\u00f6na blir fjorton. Men vad blir det om man ska f\u00e5 lika m\u00e5nga var? Nu blir det b\u00e5de enkelt och roligt l\u00e4ra sig r\u00e4kna. I denna kulram finns det \u00e5tta rader med tio kulor p\u00e5 varje d\u00e4r barnen kan \u00f6va p\u00e5 alla v\u00e5ra fyra r\u00e4knes\u00e4tt &#8211; plus, minus, g\u00e5nger och delat med. Med denna r\u00e4kneleksak,<\/p>\n","protected":false},"featured_media":12408,"template":"","meta":{"inline_featured_image":false},"product_cat":[272],"product_tag":[],"class_list":{"0":"post-12370","1":"product","2":"type-product","3":"status-publish","4":"has-post-thumbnail","6":"product_cat-leksaker","8":"first","9":"instock","10":"taxable","11":"shipping-taxable","12":"purchasable","13":"product-type-simple"},"_links":{"self":[{"href":"https:\/\/carllarsson.se\/shop\/wp-json\/wp\/v2\/product\/12370","targetHints":{"allow":["GET"]}}],"collection":[{"href":"https:\/\/carllarsson.se\/shop\/wp-json\/wp\/v2\/product"}],"about":[{"href":"https:\/\/carllarsson.se\/shop\/wp-json\/wp\/v2\/types\/product"}],"wp:featuredmedia":[{"embeddable":true,"href":"https:\/\/carllarsson.se\/shop\/wp-json\/wp\/v2\/media\/12408"}],"wp:attachment":[{"href":"https:\/\/carllarsson.se\/shop\/wp-json\/wp\/v2\/media?parent=12370"}],"wp:term":[{"taxonomy":"product_cat","embeddable":true,"href":"https:\/\/carllarsson.se\/shop\/wp-json\/wp\/v2\/product_cat?post=12370"},{"taxonomy":"product_tag","embeddable":true,"href":"https:\/\/carllarsson.se\/shop\/wp-json\/wp\/v2\/product_tag?post=12370"}],"curies":[{"name":"wp","href":"https:\/\/api.w.org\/{rel}","templated":true}]}}