{"id":12825,"date":"2026-05-06T17:10:19","date_gmt":"2023-04-04T13:14:10","guid":{"rendered":"https:\/\/carllarsson.se\/shop\/product\/sittunderlag-karin-kerstin-landstroms-design\/"},"modified":"2026-05-06T17:10:19","modified_gmt":"2026-05-06T17:10:19","slug":"sittunderlag-karin-kerstin-landstroms-design","status":"publish","type":"product","link":"https:\/\/carllarsson.se\/shop\/product\/sittunderlag-karin-kerstin-landstroms-design\/","title":{"rendered":"Sittunderlag Karin"},"content":{"rendered":"<p>Ett vackert sittunderlag i tjock h\u00e4rlig ull \u00e4r perfekt att ha med sig \u00f6verallt. Anv\u00e4nd det p\u00e5 utflykten i skogen, i bilen, p\u00e5 uteserveringen eller p\u00e5 andra kalla b\u00e4nkar och stolar.<\/p>\n<p>M\u00f6nstret KARIN \u00e4r inspirerat av Karin Larssons textilier och formgivning p\u00e5 Carl Larsson-g\u00e5rden i Sundborn, Dalarna. Sittunderlagen har en liten skinnetikett fastsydd i ena kanten.<\/p>\n<p>100 % OEKO\u2013TEX\u00ae-certifierad lammull<br \/>\nStorlek 43 x 43 cm<\/p>\n<p>Finns \u00e4ven som stor filt 130 x 180 cm<br \/>\nOEKO\u2013TEX\u00ae certifiering inneb\u00e4r att produkten uppfyller h\u00f6ga humanekologiska krav, d.v.s. inte inneh\u00e5ller kemikalier i halter som \u00e4r h\u00e4lsoskadliga. OEKO\u2013TEX\u00ae \u00e4r den mest k\u00e4nda och v\u00e4rldens ledande m\u00e4rkning f\u00f6r textilier, tillbeh\u00f6r och produkter som provats med avseende p\u00e5 dessa krav.<\/p>\n","protected":false},"excerpt":{"rendered":"<p>Ett vackert sittunderlag i tjock h\u00e4rlig ull. Storlek 43 x 43 cm<\/p>\n","protected":false},"featured_media":12857,"template":"","meta":{"inline_featured_image":false},"product_cat":[256],"product_tag":[],"class_list":{"0":"post-12825","1":"product","2":"type-product","3":"status-publish","4":"has-post-thumbnail","6":"product_cat-filtar","8":"first","9":"instock","10":"taxable","11":"shipping-taxable","12":"purchasable","13":"product-type-simple"},"_links":{"self":[{"href":"https:\/\/carllarsson.se\/shop\/wp-json\/wp\/v2\/product\/12825","targetHints":{"allow":["GET"]}}],"collection":[{"href":"https:\/\/carllarsson.se\/shop\/wp-json\/wp\/v2\/product"}],"about":[{"href":"https:\/\/carllarsson.se\/shop\/wp-json\/wp\/v2\/types\/product"}],"wp:featuredmedia":[{"embeddable":true,"href":"https:\/\/carllarsson.se\/shop\/wp-json\/wp\/v2\/media\/12857"}],"wp:attachment":[{"href":"https:\/\/carllarsson.se\/shop\/wp-json\/wp\/v2\/media?parent=12825"}],"wp:term":[{"taxonomy":"product_cat","embeddable":true,"href":"https:\/\/carllarsson.se\/shop\/wp-json\/wp\/v2\/product_cat?post=12825"},{"taxonomy":"product_tag","embeddable":true,"href":"https:\/\/carllarsson.se\/shop\/wp-json\/wp\/v2\/product_tag?post=12825"}],"curies":[{"name":"wp","href":"https:\/\/api.w.org\/{rel}","templated":true}]}}