{"id":12843,"date":"2026-05-10T18:05:11","date_gmt":"2023-04-12T16:12:19","guid":{"rendered":"https:\/\/carllarsson.se\/shop\/product\/bricka-bron-2\/"},"modified":"2026-05-10T18:05:11","modified_gmt":"2026-05-10T18:05:11","slug":"bricka-bron-2","status":"publish","type":"product","link":"https:\/\/carllarsson.se\/shop\/product\/bricka-bron-2\/","title":{"rendered":"Bricka \u2013 Bron"},"content":{"rendered":"<p>Svensktillverkad fan\u00e9rbricka i bj\u00f6rk.<br \/>\nMaskindiskbar. M\u00e5tt: 20&#215;27 cm.<\/p>\n<p>Reproduktion av Carl Larssons m\u00e5lning Bron, akvarell 1912.<\/p>\n<p>I ett brev till dottern Lisbeth p\u00e5 Marie beb\u00e5delsedagen 1913 n\u00e4mner Carl Larsson utst\u00e4llningen i Helsingfors och f\u00f6rs\u00e4ljningen av n\u00e5gra av sina tavlor d\u00e4r: \u00bbJag har haft mycken gl\u00e4dje af mina utst\u00e4llningar i Helsingfors och \u00c5bo, der jag s\u00e5lt tv\u00e5 af serien, naturligtvis der du f\u00f6rekommer, Brudt\u00e4rnan (Sparet) [se nr 1272] och den i somras med svarta kattungen och ilskna Gerda (p\u00e5 bron).\u00ab Av brevet f\u00e5r man allts\u00e5 veta, att Carl Larssons nakenmodell sommaren 1912 hette Gerda, och att hon hade ett ilsket hum\u00f6r.\u00a0<\/p>\n","protected":false},"excerpt":{"rendered":"<p>Svensktillverkad fan\u00e9rbricka i bj\u00f6rk. 20 x 27 cm<\/p>\n","protected":false},"featured_media":13202,"template":"","meta":{"inline_featured_image":false},"product_cat":[85],"product_tag":[423],"class_list":{"0":"post-12843","1":"product","2":"type-product","3":"status-publish","4":"has-post-thumbnail","6":"product_cat-brickor","7":"product_tag-brickor","9":"first","10":"instock","11":"taxable","12":"shipping-taxable","13":"purchasable","14":"product-type-simple"},"_links":{"self":[{"href":"https:\/\/carllarsson.se\/shop\/wp-json\/wp\/v2\/product\/12843","targetHints":{"allow":["GET"]}}],"collection":[{"href":"https:\/\/carllarsson.se\/shop\/wp-json\/wp\/v2\/product"}],"about":[{"href":"https:\/\/carllarsson.se\/shop\/wp-json\/wp\/v2\/types\/product"}],"wp:featuredmedia":[{"embeddable":true,"href":"https:\/\/carllarsson.se\/shop\/wp-json\/wp\/v2\/media\/13202"}],"wp:attachment":[{"href":"https:\/\/carllarsson.se\/shop\/wp-json\/wp\/v2\/media?parent=12843"}],"wp:term":[{"taxonomy":"product_cat","embeddable":true,"href":"https:\/\/carllarsson.se\/shop\/wp-json\/wp\/v2\/product_cat?post=12843"},{"taxonomy":"product_tag","embeddable":true,"href":"https:\/\/carllarsson.se\/shop\/wp-json\/wp\/v2\/product_tag?post=12843"}],"curies":[{"name":"wp","href":"https:\/\/api.w.org\/{rel}","templated":true}]}}