{"id":13401,"date":"2026-04-29T17:05:25","date_gmt":"2023-08-16T10:34:25","guid":{"rendered":"https:\/\/carllarsson.se\/shop\/product\/hyllplan-matsal-60-cm\/"},"modified":"2026-04-29T17:05:25","modified_gmt":"2026-04-29T17:05:25","slug":"hyllplan-matsal-60-cm","status":"publish","type":"product","link":"https:\/\/carllarsson.se\/shop\/product\/hyllplan-matsal-60-cm\/","title":{"rendered":"Hyllplan Matsal 60 cm"},"content":{"rendered":"<p>I matrummet p\u00e5 Carl Larssons Lilla Hyttn\u00e4s finns en n\u00e4tt liten hylla i nationalromantisk stil som \u00e4r f\u00f6rlaga till denna hylla. Med konsolernas enkelt tills\u00e5gade men mjukt b\u00f6ljande form f\u00f6r den tankarna till allmogestil.<\/p>\n<p>Hyllan \u00e5terfinns \u00e4ven i flera av Carl Larssons avbildningar av matsalen som den s\u00e5g ut n\u00e4r familjen huserade p\u00e5 Lilla Hyttn\u00e4s. M\u00e5lningarna heter exempelvis &#8221;Gamla Anna&#8221;, &#8221;Karin l\u00e4ser&#8221; och &#8221;Till en liten vira&#8221; och skildrar familjens vardag och liv.<\/p>\n<p>Hyllan \u00e4r framtagen i ett samarbete mellan Byggfabriken och Carl Larsson-g\u00e5rden.<\/p>\n<p>Kan m\u00e5las, betsas, vaxas eller oljas.<\/p>\n<p>Officiell partner f\u00f6r bevarandet av Carl Larsson-g\u00e5rden Sundborn och kulturarvet efter Carl och Karin Larsson.<\/p>\n<p>Storlek: 600&#215;150 mm<\/p>\n<p>Material: Tr\u00e4<\/p>\n<p>Ytbehandling: Obehandlad<\/p>\n<p>Stil: Sekelskifte 1900, 1800-tal och tidigare<\/p>\n","protected":false},"excerpt":{"rendered":"<p>I matrummet p\u00e5 Carl Larssons Lilla Hyttn\u00e4s finns en n\u00e4tt liten hylla i nationalromantisk stil som \u00e4r f\u00f6rlaga till denna hylla. Med konsolernas enkelt tills\u00e5gade men mjukt b\u00f6ljande form f\u00f6r den tankarna till allmogestil. Hyllan \u00e5terfinns \u00e4ven i flera av Carl Larssons avbildningar av matsalen som den s\u00e5g ut n\u00e4r familjen huserade p\u00e5 Lilla Hyttn\u00e4s. [&hellip;]<\/p>\n","protected":false},"featured_media":13404,"template":"","meta":{"inline_featured_image":false},"product_cat":[130],"product_tag":[],"class_list":{"0":"post-13401","1":"product","2":"type-product","3":"status-publish","4":"has-post-thumbnail","6":"product_cat-inredningsdetaljer","8":"first","9":"instock","10":"taxable","11":"shipping-taxable","12":"purchasable","13":"product-type-simple"},"_links":{"self":[{"href":"https:\/\/carllarsson.se\/shop\/wp-json\/wp\/v2\/product\/13401","targetHints":{"allow":["GET"]}}],"collection":[{"href":"https:\/\/carllarsson.se\/shop\/wp-json\/wp\/v2\/product"}],"about":[{"href":"https:\/\/carllarsson.se\/shop\/wp-json\/wp\/v2\/types\/product"}],"wp:featuredmedia":[{"embeddable":true,"href":"https:\/\/carllarsson.se\/shop\/wp-json\/wp\/v2\/media\/13404"}],"wp:attachment":[{"href":"https:\/\/carllarsson.se\/shop\/wp-json\/wp\/v2\/media?parent=13401"}],"wp:term":[{"taxonomy":"product_cat","embeddable":true,"href":"https:\/\/carllarsson.se\/shop\/wp-json\/wp\/v2\/product_cat?post=13401"},{"taxonomy":"product_tag","embeddable":true,"href":"https:\/\/carllarsson.se\/shop\/wp-json\/wp\/v2\/product_tag?post=13401"}],"curies":[{"name":"wp","href":"https:\/\/api.w.org\/{rel}","templated":true}]}}