{"id":13455,"date":"2026-05-10T18:45:14","date_gmt":"2023-08-31T09:33:37","guid":{"rendered":"https:\/\/carllarsson.se\/shop\/product\/bricka-sommardag-karin-och-brita-i-tradgarden\/"},"modified":"2026-05-10T18:45:14","modified_gmt":"2026-05-10T18:45:14","slug":"bricka-sommardag-karin-och-brita-i-tradgarden","status":"publish","type":"product","link":"https:\/\/carllarsson.se\/shop\/product\/bricka-sommardag-karin-och-brita-i-tradgarden\/","title":{"rendered":"Bricka Sommardag Karin och Brita i tr\u00e4dg\u00e5rden"},"content":{"rendered":"","protected":false},"excerpt":{"rendered":"<p>Svensktillverkad fan\u00e9rbricka i bj\u00f6rk. 20 x 27 cm<\/p>\n","protected":false},"featured_media":12861,"template":"","meta":{"inline_featured_image":false},"product_cat":[85],"product_tag":[423],"class_list":{"0":"post-13455","1":"product","2":"type-product","3":"status-publish","4":"has-post-thumbnail","6":"product_cat-brickor","7":"product_tag-brickor","9":"first","10":"instock","11":"taxable","12":"shipping-taxable","13":"purchasable","14":"product-type-simple"},"_links":{"self":[{"href":"https:\/\/carllarsson.se\/shop\/wp-json\/wp\/v2\/product\/13455","targetHints":{"allow":["GET"]}}],"collection":[{"href":"https:\/\/carllarsson.se\/shop\/wp-json\/wp\/v2\/product"}],"about":[{"href":"https:\/\/carllarsson.se\/shop\/wp-json\/wp\/v2\/types\/product"}],"wp:featuredmedia":[{"embeddable":true,"href":"https:\/\/carllarsson.se\/shop\/wp-json\/wp\/v2\/media\/12861"}],"wp:attachment":[{"href":"https:\/\/carllarsson.se\/shop\/wp-json\/wp\/v2\/media?parent=13455"}],"wp:term":[{"taxonomy":"product_cat","embeddable":true,"href":"https:\/\/carllarsson.se\/shop\/wp-json\/wp\/v2\/product_cat?post=13455"},{"taxonomy":"product_tag","embeddable":true,"href":"https:\/\/carllarsson.se\/shop\/wp-json\/wp\/v2\/product_tag?post=13455"}],"curies":[{"name":"wp","href":"https:\/\/api.w.org\/{rel}","templated":true}]}}