{"id":13456,"date":"2026-05-10T18:45:12","date_gmt":"2023-08-31T13:33:46","guid":{"rendered":"https:\/\/carllarsson.se\/shop\/product\/bricka-de-mina-havre-rektangular\/"},"modified":"2026-05-10T18:45:12","modified_gmt":"2026-05-10T18:45:12","slug":"bricka-de-mina-havre-rektangular","status":"publish","type":"product","link":"https:\/\/carllarsson.se\/shop\/product\/bricka-de-mina-havre-rektangular\/","title":{"rendered":"Bricka De Mina Havre rektangul\u00e4r"},"content":{"rendered":"","protected":false},"excerpt":{"rendered":"<p>Svensktillverkad fan\u00e9rbricka i bj\u00f6rk. 20 x 27 cm<\/p>\n","protected":false},"featured_media":12865,"template":"","meta":{"inline_featured_image":false},"product_cat":[85],"product_tag":[],"class_list":{"0":"post-13456","1":"product","2":"type-product","3":"status-publish","4":"has-post-thumbnail","6":"product_cat-brickor","8":"first","9":"instock","10":"taxable","11":"shipping-taxable","12":"purchasable","13":"product-type-simple"},"_links":{"self":[{"href":"https:\/\/carllarsson.se\/shop\/wp-json\/wp\/v2\/product\/13456","targetHints":{"allow":["GET"]}}],"collection":[{"href":"https:\/\/carllarsson.se\/shop\/wp-json\/wp\/v2\/product"}],"about":[{"href":"https:\/\/carllarsson.se\/shop\/wp-json\/wp\/v2\/types\/product"}],"wp:featuredmedia":[{"embeddable":true,"href":"https:\/\/carllarsson.se\/shop\/wp-json\/wp\/v2\/media\/12865"}],"wp:attachment":[{"href":"https:\/\/carllarsson.se\/shop\/wp-json\/wp\/v2\/media?parent=13456"}],"wp:term":[{"taxonomy":"product_cat","embeddable":true,"href":"https:\/\/carllarsson.se\/shop\/wp-json\/wp\/v2\/product_cat?post=13456"},{"taxonomy":"product_tag","embeddable":true,"href":"https:\/\/carllarsson.se\/shop\/wp-json\/wp\/v2\/product_tag?post=13456"}],"curies":[{"name":"wp","href":"https:\/\/api.w.org\/{rel}","templated":true}]}}