{"id":13636,"date":"2026-05-05T16:10:20","date_gmt":"2023-11-30T08:38:39","guid":{"rendered":"https:\/\/carllarsson.se\/shop\/product\/ullfilt-sundborn\/"},"modified":"2026-05-05T16:10:20","modified_gmt":"2026-05-05T16:10:20","slug":"ullfilt-sundborn","status":"publish","type":"product","link":"https:\/\/carllarsson.se\/shop\/product\/ullfilt-sundborn\/","title":{"rendered":"Ullfilt Sundborn"},"content":{"rendered":"<p>Ullfilten SUNDBORN \u00e4r en hyllning till Karin Larssons formgivning och textilier i hemmet i Sundborn. Den v\u00e4vda Sundbornsfilten, som ligger i Carls s\u00e4ng och i Gammelrummets g\u00e4sts\u00e4ng har inspirerat till de olika m\u00f6nsterb\u00e5rderna.<\/p>\n<p>Filten \u00e4r framtagen i samarbete med Kerstin Landstr\u00f6m och Carl Larsson-g\u00e5rden. <\/p>\n<p>100 % OEKO\u2013TEX\u00ae-certifierad lammull<br \/>\nStorlek 130 x 185 cm<br \/>\nOEKO\u2013TEX\u00ae certifiering inneb\u00e4r att produkten uppfyller h\u00f6ga humanekologiska krav, d.v.s. inte inneh\u00e5ller kemikalier i halter som \u00e4r h\u00e4lsoskadliga. OEKO\u2013TEX\u00ae \u00e4r den mest k\u00e4nda och v\u00e4rldens ledande m\u00e4rkning f\u00f6r textilier, tillbeh\u00f6r och produkter som provats med avseende p\u00e5 dessa krav.<\/p>\n<p>SK\u00d6TSEL: Ull \u00e4r smutsavvisande och har en sj\u00e4lvreng\u00f6rande egenskap som g\u00f6r att man inte b\u00f6r tv\u00e4tta ullprodukter f\u00f6r ofta eller i on\u00f6dan. Ull m\u00e5r bra av att v\u00e4dras ofta, g\u00e4rna i fuktigt v\u00e4der. Filtarna kan tv\u00e4ttas med ulltv\u00e4ttmedel f\u00f6r hand eller p\u00e5 ullprogram i maskin 30 grader. Krama filten halvtorr eller centrifugera kort, str\u00e4ck filten och torka den sedan luftigt.<\/p>\n","protected":false},"excerpt":{"rendered":"<p>Ullfilten SUNDBORN \u00e4r en hyllning till Karin Larssons formgivning och textilier i hemmet i Sundborn. Den v\u00e4vda Sundbornsfilten, som ligger i Carls s\u00e4ng och i Gammelrummets g\u00e4sts\u00e4ng har inspirerat till de olika m\u00f6nsterb\u00e5rderna. Filten \u00e4r framtagen i samarbete med Kerstin Landstr\u00f6m och Carl Larsson-g\u00e5rden. 100 % OEKO\u2013TEX\u00ae-certifierad lammull Storlek 130 x 185 cm OEKO\u2013TEX\u00ae certifiering [&hellip;]<\/p>\n","protected":false},"featured_media":14131,"template":"","meta":{"inline_featured_image":false},"product_cat":[256],"product_tag":[415,412],"class_list":{"0":"post-13636","1":"product","2":"type-product","3":"status-publish","4":"has-post-thumbnail","6":"product_cat-filtar","7":"product_tag-1advent","8":"product_tag-jul","10":"first","11":"instock","12":"taxable","13":"shipping-taxable","14":"purchasable","15":"product-type-simple"},"_links":{"self":[{"href":"https:\/\/carllarsson.se\/shop\/wp-json\/wp\/v2\/product\/13636","targetHints":{"allow":["GET"]}}],"collection":[{"href":"https:\/\/carllarsson.se\/shop\/wp-json\/wp\/v2\/product"}],"about":[{"href":"https:\/\/carllarsson.se\/shop\/wp-json\/wp\/v2\/types\/product"}],"wp:featuredmedia":[{"embeddable":true,"href":"https:\/\/carllarsson.se\/shop\/wp-json\/wp\/v2\/media\/14131"}],"wp:attachment":[{"href":"https:\/\/carllarsson.se\/shop\/wp-json\/wp\/v2\/media?parent=13636"}],"wp:term":[{"taxonomy":"product_cat","embeddable":true,"href":"https:\/\/carllarsson.se\/shop\/wp-json\/wp\/v2\/product_cat?post=13636"},{"taxonomy":"product_tag","embeddable":true,"href":"https:\/\/carllarsson.se\/shop\/wp-json\/wp\/v2\/product_tag?post=13636"}],"curies":[{"name":"wp","href":"https:\/\/api.w.org\/{rel}","templated":true}]}}