{"id":14348,"date":"2026-04-21T16:55:12","date_gmt":"2024-05-02T07:55:24","guid":{"rendered":"https:\/\/carllarsson.se\/shop\/product\/ett-hem-carl-larssons-ett-hem\/"},"modified":"2026-04-21T16:55:13","modified_gmt":"2026-04-21T16:55:13","slug":"ett-hem-carl-larssons-ett-hem","status":"publish","type":"product","link":"https:\/\/carllarsson.se\/shop\/product\/ett-hem-carl-larssons-ett-hem\/","title":{"rendered":"Ett hem (Carl Larssons Ett Hem)"},"content":{"rendered":"<p>Brukar du s\u00e4tta blommor p\u00e5 bordet, l\u00e4gga en alldeles s\u00e4rskilt utvald kudde i soffh\u00f6rnet och l\u00e5ta barnteckningarna komma upp p\u00e5 v\u00e4ggen?<br \/>\nD\u00e5 g\u00f6r du precis som Karin och Carl Larsson gjorde i Sundborn; du skapar livets kanske viktigaste plats \u2013 ditt hem. <\/p>\n<p>N\u00e4r konstn\u00e4ren Carl Larsson skrev &#8221;Ett hem&#8221; 1899, kom han att p\u00e5verka hela det svenska folkets inredningsideal. I boken ger han en rej\u00e4l k\u00e4nga till d\u00e5tidens konstgjorda blommor, plysch och kretong samt \u201df\u00e5nigt upph\u00e4ngda draperier\u201d och tycker att l\u00e4sarna ist\u00e4llet borde inreda mer som han och hustrun Karin g\u00f6r p\u00e5 g\u00e5rden Lilla Hyttn\u00e4s i Sundborn. <\/p>\n<p>&#8221;Ett hem&#8221; blev en fullst\u00e4ndig succ\u00e9 och l\u00e4sarna lydde Carl; familjen Larssons blandning av svensk hantverkstradition och den jugendstil som var p\u00e5 modet ute i Europa hittade snart sin plats i de svenska hemmen.<br \/>\nEtt ideal som till stor del st\u00e5r sig \u00e4n idag! Nu finns Carl Larssons klassiker i en ny vacker utg\u00e5va. Texten \u00e4r lika rolig och drastisk som n\u00e4r Carl skrev den, men stavningen \u00e4r anpassad efter nutida skrivregler f\u00f6r att vara l\u00e4ttare att l\u00e4sa. Och Carls akvareller \u2013 de \u00e4r f\u00f6rst\u00e5s lika inspirerande som f\u00f6r 125 \u00e5r sedan!<\/p>\n","protected":false},"excerpt":{"rendered":"<p>Nu finns Carl Larssons klassiker i en ny vacker utg\u00e5va.<\/p>\n","protected":false},"featured_media":14373,"template":"","meta":{"inline_featured_image":false},"product_cat":[70],"product_tag":[412],"class_list":{"0":"post-14348","1":"product","2":"type-product","3":"status-publish","4":"has-post-thumbnail","6":"product_cat-bocker","7":"product_tag-jul","9":"first","10":"instock","11":"taxable","12":"shipping-taxable","13":"purchasable","14":"product-type-simple"},"_links":{"self":[{"href":"https:\/\/carllarsson.se\/shop\/wp-json\/wp\/v2\/product\/14348","targetHints":{"allow":["GET"]}}],"collection":[{"href":"https:\/\/carllarsson.se\/shop\/wp-json\/wp\/v2\/product"}],"about":[{"href":"https:\/\/carllarsson.se\/shop\/wp-json\/wp\/v2\/types\/product"}],"wp:featuredmedia":[{"embeddable":true,"href":"https:\/\/carllarsson.se\/shop\/wp-json\/wp\/v2\/media\/14373"}],"wp:attachment":[{"href":"https:\/\/carllarsson.se\/shop\/wp-json\/wp\/v2\/media?parent=14348"}],"wp:term":[{"taxonomy":"product_cat","embeddable":true,"href":"https:\/\/carllarsson.se\/shop\/wp-json\/wp\/v2\/product_cat?post=14348"},{"taxonomy":"product_tag","embeddable":true,"href":"https:\/\/carllarsson.se\/shop\/wp-json\/wp\/v2\/product_tag?post=14348"}],"curies":[{"name":"wp","href":"https:\/\/api.w.org\/{rel}","templated":true}]}}