{"id":14691,"date":"2026-05-11T15:46:12","date_gmt":"2024-08-23T11:25:56","guid":{"rendered":"https:\/\/carllarsson.se\/shop\/product\/ren-logik-tval\/"},"modified":"2026-05-11T15:46:12","modified_gmt":"2026-05-11T15:46:12","slug":"ren-logik-tval","status":"publish","type":"product","link":"https:\/\/carllarsson.se\/shop\/product\/ren-logik-tval\/","title":{"rendered":"Ren logik Tv\u00e5l"},"content":{"rendered":"<p>Biologiskt nedbrytbar<br \/>\nVegansk<br \/>\nM\u00e4rkt med bra milj\u00f6val<br \/>\nInga f\u00e4rg\u00e4mnen<\/p>\n<p>Tillverkad i Sverige<\/p>\n<p>Det r\u00e4cker att pumpa en g\u00e5ng per anv\u00e4ndning.<\/p>\n<p>Inneh\u00e5llsf\u00f6rteckning<br \/>\nAqua<br \/>\nSodium laureth sulfate<br \/>\nSodium chloride<br \/>\nCocamidopropyl betaine<br \/>\nAloe barbadensis leaf juice<br \/>\nCocamidopropylamine oxide<br \/>\nCitric acid<br \/>\nPhenoxyethanol<br \/>\nBenzoic acid<br \/>\nDehydroactic acid<br \/>\nParfum<\/p>\n","protected":false},"excerpt":{"rendered":"<p>Tv\u00e5l Rabarberblom inneh\u00e5ller v\u00e5rdande och \u00e5terfuktande Aloe Vera. 500 ml. <\/p>\n","protected":false},"featured_media":14684,"template":"","meta":{"inline_featured_image":false},"product_cat":[302],"product_tag":[412],"class_list":{"0":"post-14691","1":"product","2":"type-product","3":"status-publish","4":"has-post-thumbnail","6":"product_cat-tvatt-och-stad","7":"product_tag-jul","9":"first","10":"outofstock","11":"taxable","12":"shipping-taxable","13":"purchasable","14":"product-type-simple"},"_links":{"self":[{"href":"https:\/\/carllarsson.se\/shop\/wp-json\/wp\/v2\/product\/14691","targetHints":{"allow":["GET"]}}],"collection":[{"href":"https:\/\/carllarsson.se\/shop\/wp-json\/wp\/v2\/product"}],"about":[{"href":"https:\/\/carllarsson.se\/shop\/wp-json\/wp\/v2\/types\/product"}],"wp:featuredmedia":[{"embeddable":true,"href":"https:\/\/carllarsson.se\/shop\/wp-json\/wp\/v2\/media\/14684"}],"wp:attachment":[{"href":"https:\/\/carllarsson.se\/shop\/wp-json\/wp\/v2\/media?parent=14691"}],"wp:term":[{"taxonomy":"product_cat","embeddable":true,"href":"https:\/\/carllarsson.se\/shop\/wp-json\/wp\/v2\/product_cat?post=14691"},{"taxonomy":"product_tag","embeddable":true,"href":"https:\/\/carllarsson.se\/shop\/wp-json\/wp\/v2\/product_tag?post=14691"}],"curies":[{"name":"wp","href":"https:\/\/api.w.org\/{rel}","templated":true}]}}