{"id":15030,"date":"2026-05-15T08:10:14","date_gmt":"2024-11-04T10:55:49","guid":{"rendered":"https:\/\/carllarsson.se\/shop\/product\/karin-och-carl-larssons-lilla-hyttnas-konstnarshem\/"},"modified":"2026-05-15T08:10:14","modified_gmt":"2026-05-15T08:10:14","slug":"karin-och-carl-larssons-lilla-hyttnas-konstnarshem","status":"publish","type":"product","link":"https:\/\/carllarsson.se\/shop\/product\/karin-och-carl-larssons-lilla-hyttnas-konstnarshem\/","title":{"rendered":"Karin och Carl Larssons Lilla Hyttn\u00e4s\/konstn\u00e4rshem"},"content":{"rendered":"<p>Johan Knutsson:  Karin och Carl Larssons Lilla Hyttn\u00e4s. Konstn\u00e4rshem och designmonument i brytningstid.  <\/p>\n<p>Vad \u00e4r det med Carl Larsson-g\u00e5rden som ber\u00f6r s\u00e5 starkt mer \u00e4n hundra \u00e5r efter dess tillkomst? Vilken roll spelar den i samtalet om det goda hemmet och det goda livet i den goda v\u00e4rlden?<\/p>\n<p>Idag framst\u00e5r det ber\u00f6mda konstn\u00e4rshemmet i Sundborn och historien bakom dess tillkomst som mer samtids- och samh\u00e4llsrelevant \u00e4n n\u00e5gonsin. Som f\u00e5 andra designhistoriska monument l\u00e4r vi oss av Lilla Hyttn\u00e4s att bruka och uppgradera det redan befintliga, och att personligt och genom stundens ingivelser ta kommandot \u00f6ver det egna skapandet och att sl\u00e5 vakt om r\u00e4tten att f\u00e5 g\u00e5 sin egen v\u00e4g.<\/p>\n<p>I boken skildras detaljerat tillkomsten av detta v\u00e4rldsber\u00f6mda konstn\u00e4rshem, dess plats i designhistorien och i dess internationella sammanhang.<\/p>\n<p>F\u00f6rfattaren Johan Knutsson innehar sedan 2009 Byggm\u00e4stare John Mattsons professur i m\u00f6bel\u00adkultur vid Malmstens Link\u00f6pings universitet och Nordiska museet. Boken har till stor del tillkommit genom inspiration av de fr\u00e5gor som studenterna st\u00e4llt vid m\u00f6tet med Lilla Hyttn\u00e4s. Genom deras syn p\u00e5 g\u00e5rden ur ett samtidsrelevant h\u00e5llbarhetsperspektiv \u00f6ppnas d\u00f6rrar till nya s\u00e4tt att se och v\u00e4rdera detta sedan l\u00e4nge s\u00e5 v\u00e4lk\u00e4nda konstn\u00e4rshem.<\/p>\n<p>F\u00f6rfattare: Johan Knutsson<br \/>\nMedf\u00f6rfattare: Eva Sundstr\u00f6m<br \/>\nHuvudfotograf: Peter Segemark<\/p>\n<p>Inbunden 384 s.<br \/>\nUtgivnings\u00e5r 2024<br \/>\nISBN 978-91-7844-547-9<br \/>\nGidlunds f\u00f6rlag<\/p>\n","protected":false},"excerpt":{"rendered":"<p>Karin och Carl Larssons Lilla Hyttn\u00e4s &#8211; konstn\u00e4rshem och designmonument i brytningstid. F\u00f6rfattare Johan Knutsson<\/p>\n","protected":false},"featured_media":15079,"template":"","meta":{"inline_featured_image":false},"product_cat":[70],"product_tag":[],"class_list":{"0":"post-15030","1":"product","2":"type-product","3":"status-publish","4":"has-post-thumbnail","6":"product_cat-bocker","8":"first","9":"instock","10":"taxable","11":"shipping-taxable","12":"purchasable","13":"product-type-simple"},"_links":{"self":[{"href":"https:\/\/carllarsson.se\/shop\/wp-json\/wp\/v2\/product\/15030","targetHints":{"allow":["GET"]}}],"collection":[{"href":"https:\/\/carllarsson.se\/shop\/wp-json\/wp\/v2\/product"}],"about":[{"href":"https:\/\/carllarsson.se\/shop\/wp-json\/wp\/v2\/types\/product"}],"wp:featuredmedia":[{"embeddable":true,"href":"https:\/\/carllarsson.se\/shop\/wp-json\/wp\/v2\/media\/15079"}],"wp:attachment":[{"href":"https:\/\/carllarsson.se\/shop\/wp-json\/wp\/v2\/media?parent=15030"}],"wp:term":[{"taxonomy":"product_cat","embeddable":true,"href":"https:\/\/carllarsson.se\/shop\/wp-json\/wp\/v2\/product_cat?post=15030"},{"taxonomy":"product_tag","embeddable":true,"href":"https:\/\/carllarsson.se\/shop\/wp-json\/wp\/v2\/product_tag?post=15030"}],"curies":[{"name":"wp","href":"https:\/\/api.w.org\/{rel}","templated":true}]}}