{"id":17930,"date":"2026-05-09T16:35:37","date_gmt":"2025-06-03T03:52:26","guid":{"rendered":"https:\/\/carllarsson.se\/shop\/product\/mugg-sommar-i-sundborn\/"},"modified":"2026-05-09T16:35:37","modified_gmt":"2026-05-09T16:35:37","slug":"mugg-sommar-i-sundborn","status":"publish","type":"product","link":"https:\/\/carllarsson.se\/shop\/product\/mugg-sommar-i-sundborn\/","title":{"rendered":"Mugg Sommar i Sundborn"},"content":{"rendered":"<p>Mugg f\u00f6r te eller kaffe med motiv av Carl Larsson, Sommar i Sundborn, akvarell 1913.<\/p>\n<p>Muggen \u00e4r handgjord i benporslin i Staffordshire, England.<br \/>\nBenporslin \u00e4r k\u00e4nt f\u00f6r sin h\u00f6ga slagt\u00e5lighet och det har en varm vit lyster f\u00e4rg.<\/p>\n<p>T\u00e5l maskindisk.<\/p>\n<p>Storlek p\u00e5 muggen<br \/>\nh\u00f6jd: 10,2 cm<br \/>\ndiameter: 7,7 cm<\/p>\n","protected":false},"excerpt":{"rendered":"<p>Mugg i benporslin<\/p>\n","protected":false},"featured_media":17923,"template":"","meta":{"inline_featured_image":false},"product_cat":[152],"product_tag":[414],"class_list":{"0":"post-17930","1":"product","2":"type-product","3":"status-publish","4":"has-post-thumbnail","6":"product_cat-porslin","7":"product_tag-porslin","9":"first","10":"instock","11":"taxable","12":"shipping-taxable","13":"purchasable","14":"product-type-simple"},"_links":{"self":[{"href":"https:\/\/carllarsson.se\/shop\/wp-json\/wp\/v2\/product\/17930","targetHints":{"allow":["GET"]}}],"collection":[{"href":"https:\/\/carllarsson.se\/shop\/wp-json\/wp\/v2\/product"}],"about":[{"href":"https:\/\/carllarsson.se\/shop\/wp-json\/wp\/v2\/types\/product"}],"wp:featuredmedia":[{"embeddable":true,"href":"https:\/\/carllarsson.se\/shop\/wp-json\/wp\/v2\/media\/17923"}],"wp:attachment":[{"href":"https:\/\/carllarsson.se\/shop\/wp-json\/wp\/v2\/media?parent=17930"}],"wp:term":[{"taxonomy":"product_cat","embeddable":true,"href":"https:\/\/carllarsson.se\/shop\/wp-json\/wp\/v2\/product_cat?post=17930"},{"taxonomy":"product_tag","embeddable":true,"href":"https:\/\/carllarsson.se\/shop\/wp-json\/wp\/v2\/product_tag?post=17930"}],"curies":[{"name":"wp","href":"https:\/\/api.w.org\/{rel}","templated":true}]}}