{"id":18383,"date":"2026-05-05T18:15:24","date_gmt":"2025-10-24T09:00:21","guid":{"rendered":"https:\/\/carllarsson.se\/shop\/product\/kokshandduk-de-mina-mossgron\/"},"modified":"2026-05-05T18:15:24","modified_gmt":"2026-05-05T18:15:24","slug":"kokshandduk-de-mina-mossgron","status":"publish","type":"product","link":"https:\/\/carllarsson.se\/shop\/product\/kokshandduk-de-mina-mossgron\/","title":{"rendered":"K\u00f6kshandduk De Mina Mossgr\u00f6n"},"content":{"rendered":"<p>K\u00f6kshandduk med tryckt m\u00f6nster av Carl Larsson. M\u00f6nstret De mina kommer fr\u00e5n f\u00f6rs\u00e4ttningsbladet p\u00e5 n\u00e5gra av Carl Larssons b\u00f6cker, bland annat boken &#8217;De mina&#8217;. <\/p>\n<p>Storlek 50x70cm och en f\u00e4rgmatchad hank. <\/p>\n<p>Produkten \u00e4r certifierad enligt STANDARD 100 by OEKO-TEX\u00ae. Certifieringen garanterar att produkten \u00e4r testad och fri fr\u00e5n \u00e4mnen som kan vara skadliga f\u00f6r h\u00e4lsan och milj\u00f6n.<\/p>\n<p>Tv\u00e4ttr\u00e5d<br \/>\n40 grader skontv\u00e4tt.<br \/>\nKlorblekmedel f\u00e5r ej anv\u00e4ndas.<br \/>\nF\u00e5r ej torktumlas.<br \/>\nT\u00e5l strykning med h\u00f6g temperatur.<br \/>\nKan ej kemtv\u00e4ttas.<\/p>\n","protected":false},"excerpt":{"rendered":"<p>Mossgr\u00f6n. 50 x 70 cm<\/p>\n","protected":false},"featured_media":18378,"template":"","meta":{"inline_featured_image":false},"product_cat":[105],"product_tag":[],"class_list":{"0":"post-18383","1":"product","2":"type-product","3":"status-publish","4":"has-post-thumbnail","6":"product_cat-handdukar","8":"first","9":"instock","10":"taxable","11":"shipping-taxable","12":"purchasable","13":"product-type-simple"},"_links":{"self":[{"href":"https:\/\/carllarsson.se\/shop\/wp-json\/wp\/v2\/product\/18383","targetHints":{"allow":["GET"]}}],"collection":[{"href":"https:\/\/carllarsson.se\/shop\/wp-json\/wp\/v2\/product"}],"about":[{"href":"https:\/\/carllarsson.se\/shop\/wp-json\/wp\/v2\/types\/product"}],"wp:featuredmedia":[{"embeddable":true,"href":"https:\/\/carllarsson.se\/shop\/wp-json\/wp\/v2\/media\/18378"}],"wp:attachment":[{"href":"https:\/\/carllarsson.se\/shop\/wp-json\/wp\/v2\/media?parent=18383"}],"wp:term":[{"taxonomy":"product_cat","embeddable":true,"href":"https:\/\/carllarsson.se\/shop\/wp-json\/wp\/v2\/product_cat?post=18383"},{"taxonomy":"product_tag","embeddable":true,"href":"https:\/\/carllarsson.se\/shop\/wp-json\/wp\/v2\/product_tag?post=18383"}],"curies":[{"name":"wp","href":"https:\/\/api.w.org\/{rel}","templated":true}]}}