{"id":9735,"date":"2026-05-02T10:55:23","date_gmt":"2021-11-08T13:49:02","guid":{"rendered":"https:\/\/dev.norkay.se\/clgshop\/product\/blomsterfonstret-kokshandduk\/"},"modified":"2026-05-02T10:55:23","modified_gmt":"2026-05-02T10:55:23","slug":"blomsterfonstret-kokshandduk","status":"publish","type":"product","link":"https:\/\/carllarsson.se\/shop\/product\/blomsterfonstret-kokshandduk\/","title":{"rendered":"Blomsterf\u00f6nstret \u2013 K\u00f6kshandduk"},"content":{"rendered":"<p>K\u00f6kshandduk i 100% linne och tryckt m\u00f6nster.<br \/>\nLin absorbera bra, luddar inte och d\u00e4rf\u00f6r \u00e4r det en utm\u00e4rkt kvalitet f\u00f6r k\u00f6kshanddukar.<br \/>\nM\u00e5tt 50x70cm.<br \/>\nMotiv Blomsterf\u00f6nstret<\/p>\n<p>Produkten \u00e4r certifierad enligt STANDARD 100 by OEKO-TEX\u00ae.<br \/>\nCertifieringen garanterar att produkten \u00e4r testad och fri fr\u00e5n \u00e4mnen<br \/>\nsom kan vara skadliga f\u00f6r h\u00e4lsan och milj\u00f6n.<\/p>\n<p>Tv\u00e4ttr\u00e5d<br \/>\n40 grader skontv\u00e4tt<br \/>\nKlorblekmedel f\u00e5r ej anv\u00e4ndas<br \/>\nT\u00e5l strykning med h\u00f6g temperatur<br \/>\nKemtv\u00e4tt (Perkloretylen)<br \/>\nKan ej torktumlas<\/p>\n","protected":false},"excerpt":{"rendered":"<p>K\u00f6kshandduk i 100% linne och tryckt m\u00f6nster.<\/p>\n","protected":false},"featured_media":10855,"template":"","meta":{"inline_featured_image":false},"product_cat":[105],"product_tag":[],"class_list":{"0":"post-9735","1":"product","2":"type-product","3":"status-publish","4":"has-post-thumbnail","6":"product_cat-handdukar","8":"first","9":"instock","10":"taxable","11":"shipping-taxable","12":"purchasable","13":"product-type-simple"},"_links":{"self":[{"href":"https:\/\/carllarsson.se\/shop\/wp-json\/wp\/v2\/product\/9735","targetHints":{"allow":["GET"]}}],"collection":[{"href":"https:\/\/carllarsson.se\/shop\/wp-json\/wp\/v2\/product"}],"about":[{"href":"https:\/\/carllarsson.se\/shop\/wp-json\/wp\/v2\/types\/product"}],"wp:featuredmedia":[{"embeddable":true,"href":"https:\/\/carllarsson.se\/shop\/wp-json\/wp\/v2\/media\/10855"}],"wp:attachment":[{"href":"https:\/\/carllarsson.se\/shop\/wp-json\/wp\/v2\/media?parent=9735"}],"wp:term":[{"taxonomy":"product_cat","embeddable":true,"href":"https:\/\/carllarsson.se\/shop\/wp-json\/wp\/v2\/product_cat?post=9735"},{"taxonomy":"product_tag","embeddable":true,"href":"https:\/\/carllarsson.se\/shop\/wp-json\/wp\/v2\/product_tag?post=9735"}],"curies":[{"name":"wp","href":"https:\/\/api.w.org\/{rel}","templated":true}]}}