{"id":9738,"date":"2026-05-02T10:55:27","date_gmt":"2021-11-08T13:49:03","guid":{"rendered":"https:\/\/dev.norkay.se\/clgshop\/product\/azalea-kuddfodral-45x45\/"},"modified":"2026-05-02T10:55:27","modified_gmt":"2026-05-02T10:55:27","slug":"azalea-kuddfodral-45x45","status":"publish","type":"product","link":"https:\/\/carllarsson.se\/shop\/product\/azalea-kuddfodral-45x45\/","title":{"rendered":"Azalea &#8211; kuddfodral 45&#215;45"},"content":{"rendered":"<p>Kuddfodral i 100% linnetyg med dold dragkedja i nederkantkant.<br \/>\nM\u00e5tt 45 x 45 cm<br \/>\nMotivet Azalea<\/p>\n<p>Innerkudde k\u00f6pes separat.<br \/>\nF\u00f6r ett v\u00e4lfyllt utseende anv\u00e4nd g\u00e4rna en innerkudde som \u00e4r n\u00e5got st\u00f6rre, ca 50x50cm.<\/p>\n<p>Produkten \u00e4r certifierad enligt STANDARD 100 by OEKO-TEX\u00ae. Certifieringen garanterar att produkten \u00e4r testad och fri fr\u00e5n \u00e4mnen som kan vara skadliga f\u00f6r h\u00e4lsan och milj\u00f6n.<\/p>\n<p>Tv\u00e4ttr\u00e5d<br \/>\n40 grader skontv\u00e4tt<br \/>\nKlorblekmedel f\u00e5r ej anv\u00e4ndas<br \/>\nT\u00e5l strykning med h\u00f6g temperatur<br \/>\nKemtv\u00e4tt (Perkloretylen)<br \/>\nKan ej torktumlas<\/p>\n","protected":false},"excerpt":{"rendered":"<p>Kuddfodral i 100% linnetyg med dold dragkedja i nederkantkant.<\/p>\n","protected":false},"featured_media":10862,"template":"","meta":{"inline_featured_image":false},"product_cat":[106],"product_tag":[],"class_list":{"0":"post-9738","1":"product","2":"type-product","3":"status-publish","4":"has-post-thumbnail","6":"product_cat-kuddfodral","8":"first","9":"outofstock","10":"taxable","11":"shipping-taxable","12":"purchasable","13":"product-type-simple"},"_links":{"self":[{"href":"https:\/\/carllarsson.se\/shop\/wp-json\/wp\/v2\/product\/9738","targetHints":{"allow":["GET"]}}],"collection":[{"href":"https:\/\/carllarsson.se\/shop\/wp-json\/wp\/v2\/product"}],"about":[{"href":"https:\/\/carllarsson.se\/shop\/wp-json\/wp\/v2\/types\/product"}],"wp:featuredmedia":[{"embeddable":true,"href":"https:\/\/carllarsson.se\/shop\/wp-json\/wp\/v2\/media\/10862"}],"wp:attachment":[{"href":"https:\/\/carllarsson.se\/shop\/wp-json\/wp\/v2\/media?parent=9738"}],"wp:term":[{"taxonomy":"product_cat","embeddable":true,"href":"https:\/\/carllarsson.se\/shop\/wp-json\/wp\/v2\/product_cat?post=9738"},{"taxonomy":"product_tag","embeddable":true,"href":"https:\/\/carllarsson.se\/shop\/wp-json\/wp\/v2\/product_tag?post=9738"}],"curies":[{"name":"wp","href":"https:\/\/api.w.org\/{rel}","templated":true}]}}