{"id":9748,"date":"2026-05-13T15:20:10","date_gmt":"2021-11-08T13:49:04","guid":{"rendered":"https:\/\/dev.norkay.se\/clgshop\/product\/andras-barn\/"},"modified":"2026-05-13T15:20:11","modified_gmt":"2026-05-13T15:20:11","slug":"andras-barn","status":"publish","type":"product","link":"https:\/\/carllarsson.se\/shop\/product\/andras-barn\/","title":{"rendered":"Andras barn"},"content":{"rendered":"<p>Andras barn med text och 32 akvareller av Carl Larsson f\u00f6rest\u00e4llande andra barn \u00e4n hans egna, tryckt och utgiven 1913. Nytryck 2006, 88 sidor.<\/p>\n<p>Carl och Karins var mycket goda v\u00e4nner med Anders och Emma Zorn. Carl och Karins yngsta dotter Kersti, f\u00f6dd 1896, kom att fr\u00e5n 1913, bo hos v\u00e4nnerna Anders och Emma Zorn i Mora under en tid f\u00f6r att vila upp sig efter att ha varit sjuklig med lungproblem. Kersti som var konstn\u00e4rligt lagd vikarierade \u00e4ven ibland som teckningsl\u00e4rare p\u00e5 folkh\u00f6gskolan i Mora n\u00e4r Anders var p\u00e5 resa. Carl och Karin uppskattade mycket Emmas v\u00e4nlighet och omsorg och Carl skrev denna dedikation i Andras barn: \u201cEmma Zorn Henne, som har en moders hj\u00e4rta f\u00f6r andras barn, till\u00e4gnas denna bilderbok.\u201d<\/p>\n","protected":false},"excerpt":{"rendered":"<p>Andras barn med text och 32 akvareller av Carl Larsson<\/p>\n","protected":false},"featured_media":10480,"template":"","meta":{"inline_featured_image":false},"product_cat":[70],"product_tag":[],"class_list":{"0":"post-9748","1":"product","2":"type-product","3":"status-publish","4":"has-post-thumbnail","6":"product_cat-bocker","8":"first","9":"instock","10":"taxable","11":"shipping-taxable","12":"purchasable","13":"product-type-simple"},"_links":{"self":[{"href":"https:\/\/carllarsson.se\/shop\/wp-json\/wp\/v2\/product\/9748","targetHints":{"allow":["GET"]}}],"collection":[{"href":"https:\/\/carllarsson.se\/shop\/wp-json\/wp\/v2\/product"}],"about":[{"href":"https:\/\/carllarsson.se\/shop\/wp-json\/wp\/v2\/types\/product"}],"wp:featuredmedia":[{"embeddable":true,"href":"https:\/\/carllarsson.se\/shop\/wp-json\/wp\/v2\/media\/10480"}],"wp:attachment":[{"href":"https:\/\/carllarsson.se\/shop\/wp-json\/wp\/v2\/media?parent=9748"}],"wp:term":[{"taxonomy":"product_cat","embeddable":true,"href":"https:\/\/carllarsson.se\/shop\/wp-json\/wp\/v2\/product_cat?post=9748"},{"taxonomy":"product_tag","embeddable":true,"href":"https:\/\/carllarsson.se\/shop\/wp-json\/wp\/v2\/product_tag?post=9748"}],"curies":[{"name":"wp","href":"https:\/\/api.w.org\/{rel}","templated":true}]}}