{"id":9778,"date":"2026-05-02T10:55:20","date_gmt":"2021-11-08T13:49:08","guid":{"rendered":"https:\/\/dev.norkay.se\/clgshop\/product\/handarbetssats-blomsterkorg-svart-och-vit-duk\/"},"modified":"2026-05-02T10:55:20","modified_gmt":"2026-05-02T10:55:20","slug":"handarbetssats-blomsterkorg-svart-och-vit-duk","status":"publish","type":"product","link":"https:\/\/carllarsson.se\/shop\/product\/handarbetssats-blomsterkorg-svart-och-vit-duk\/","title":{"rendered":"Blomsterkorg svart och vit duk \u2013 Handarbetssats"},"content":{"rendered":"<p>Duk fr\u00e5n Carl och Karin Larssons hem i Sundborn. Den ligger \u00e4n idag i Karin och sm\u00e5barnens rum p\u00e5 \u00f6vre v\u00e5ningen. Inneh\u00e5ll i p\u00e5sen: aidav\u00e4v, m\u00f6nster, moulinegarn och n\u00e5l. S\u00f6ms\u00e4tt: korsstygn, halva korsstygn och f\u00f6rstygn. M\u00e5tt: 32,5&#215;84,5 cm.<\/p>\n","protected":false},"excerpt":{"rendered":"<p>Handarbetssats duk svart och vit duk 28 x 83 cm.<\/p>\n","protected":false},"featured_media":10635,"template":"","meta":{"inline_featured_image":false},"product_cat":[71],"product_tag":[],"class_list":{"0":"post-9778","1":"product","2":"type-product","3":"status-publish","4":"has-post-thumbnail","6":"product_cat-handarbetssatser","8":"first","9":"instock","10":"taxable","11":"shipping-taxable","12":"purchasable","13":"product-type-simple"},"_links":{"self":[{"href":"https:\/\/carllarsson.se\/shop\/wp-json\/wp\/v2\/product\/9778","targetHints":{"allow":["GET"]}}],"collection":[{"href":"https:\/\/carllarsson.se\/shop\/wp-json\/wp\/v2\/product"}],"about":[{"href":"https:\/\/carllarsson.se\/shop\/wp-json\/wp\/v2\/types\/product"}],"wp:featuredmedia":[{"embeddable":true,"href":"https:\/\/carllarsson.se\/shop\/wp-json\/wp\/v2\/media\/10635"}],"wp:attachment":[{"href":"https:\/\/carllarsson.se\/shop\/wp-json\/wp\/v2\/media?parent=9778"}],"wp:term":[{"taxonomy":"product_cat","embeddable":true,"href":"https:\/\/carllarsson.se\/shop\/wp-json\/wp\/v2\/product_cat?post=9778"},{"taxonomy":"product_tag","embeddable":true,"href":"https:\/\/carllarsson.se\/shop\/wp-json\/wp\/v2\/product_tag?post=9778"}],"curies":[{"name":"wp","href":"https:\/\/api.w.org\/{rel}","templated":true}]}}