{"id":9783,"date":"2026-05-02T16:35:21","date_gmt":"2021-11-08T13:49:08","guid":{"rendered":"https:\/\/dev.norkay.se\/clgshop\/product\/handarbetssats-karins-gardin\/"},"modified":"2026-05-02T16:35:22","modified_gmt":"2026-05-02T16:35:22","slug":"handarbetssats-karins-gardin","status":"publish","type":"product","link":"https:\/\/carllarsson.se\/shop\/product\/handarbetssats-karins-gardin\/","title":{"rendered":"Karins gardin \u2013 Handarbetssats"},"content":{"rendered":"<p>Till f\u00f6rmaket komponerade Karin Larsson f\u00f6r tiden en mycket kort gardinkappa.<br \/>\nH\u00e4r finner du stiliserade blommor av myrg\u00e5ng som vilar  vid en f\u00e5llad kant, dekorerad med h\u00e5ls\u00f6m.<br \/>\nEn sober och elegant gardin som inneh\u00e5llsm\u00e4ssigt \u00e4r fylld med attityd och finess &#8211; se bara<br \/>\nhur hon lekfullt varierar m\u00f6nstret p\u00e5 blommorna!<\/p>\n<p>Garinen kan sys b\u00e5de som gardinkappa eller som gardinl\u00e4ngd.<\/p>\n<p>Inneh\u00e5ll:<br \/>\n1 x 1,5 m linnetyg<br \/>\n2,6 meter bomullsband f\u00f6r upph\u00e4ngning<br \/>\nKnyppelgarn och uddl\u00f6s n\u00e5l.<br \/>\nBeskrivning<\/p>\n","protected":false},"excerpt":{"rendered":"<p>Handarbetssats broderad gardin<\/p>\n","protected":false},"featured_media":10630,"template":"","meta":{"inline_featured_image":false},"product_cat":[71],"product_tag":[],"class_list":{"0":"post-9783","1":"product","2":"type-product","3":"status-publish","4":"has-post-thumbnail","6":"product_cat-handarbetssatser","8":"first","9":"instock","10":"taxable","11":"shipping-taxable","12":"purchasable","13":"product-type-simple"},"_links":{"self":[{"href":"https:\/\/carllarsson.se\/shop\/wp-json\/wp\/v2\/product\/9783","targetHints":{"allow":["GET"]}}],"collection":[{"href":"https:\/\/carllarsson.se\/shop\/wp-json\/wp\/v2\/product"}],"about":[{"href":"https:\/\/carllarsson.se\/shop\/wp-json\/wp\/v2\/types\/product"}],"wp:featuredmedia":[{"embeddable":true,"href":"https:\/\/carllarsson.se\/shop\/wp-json\/wp\/v2\/media\/10630"}],"wp:attachment":[{"href":"https:\/\/carllarsson.se\/shop\/wp-json\/wp\/v2\/media?parent=9783"}],"wp:term":[{"taxonomy":"product_cat","embeddable":true,"href":"https:\/\/carllarsson.se\/shop\/wp-json\/wp\/v2\/product_cat?post=9783"},{"taxonomy":"product_tag","embeddable":true,"href":"https:\/\/carllarsson.se\/shop\/wp-json\/wp\/v2\/product_tag?post=9783"}],"curies":[{"name":"wp","href":"https:\/\/api.w.org\/{rel}","templated":true}]}}