{"id":9888,"date":"2026-05-15T08:10:36","date_gmt":"2021-11-08T13:49:19","guid":{"rendered":"https:\/\/dev.norkay.se\/clgshop\/product\/ateljeidyll-reproduktion\/"},"modified":"2026-05-15T08:10:36","modified_gmt":"2026-05-15T08:10:36","slug":"ateljeidyll-reproduktion","status":"publish","type":"product","link":"https:\/\/carllarsson.se\/shop\/product\/ateljeidyll-reproduktion\/","title":{"rendered":"Atelj\u00e9idyll \u2013 Reproduktion"},"content":{"rendered":"<p>\u00c5r 1885 i Frankrike m\u00e5lade Carl Larsson av sin hustru Karin och dottern Suzanne i atelj\u00e9n i konstn\u00e4rskolonin Gr\u00e9z-sur- loing. Carl Larsson beskriver denna m\u00e5lning s\u00e5 h\u00e4r: \u201dN\u00e4r Suzanne var fyra dagar gammal b\u00f6rjade hon sin bana som modell, och inledde s\u00e5 den serie av mina barns bilder, som sedan blivit s\u00e5 bekanta \u00f6ver hela v\u00e4rlden \u2013 det kan jag gott s\u00e4ga \u2013 s\u00e5 att man \u00e4nda bort i Japan k\u00e4nner deras namn\u201d. M\u00e5lningen k\u00f6ptes in av Pontus F\u00fcrstenberg, konstsamlare och mecenat, p\u00e5 Allm\u00e4nna Konstutst\u00e4llningen i G\u00f6teborg 1886 och sk\u00e4nktes sedan vidare till Nationalmuseum.<\/p>\n<p>M\u00e5tt: 66&#215;50 cm.<\/p>\n","protected":false},"excerpt":{"rendered":"<p>Reproduktion av Carl Larssons m\u00e5lning Atelj\u00e9idyll.<\/p>\n","protected":false},"featured_media":11127,"template":"","meta":{"inline_featured_image":false},"product_cat":[74],"product_tag":[],"class_list":{"0":"post-9888","1":"product","2":"type-product","3":"status-publish","4":"has-post-thumbnail","6":"product_cat-reproduktioner","8":"first","9":"instock","10":"taxable","11":"shipping-taxable","12":"purchasable","13":"product-type-simple"},"_links":{"self":[{"href":"https:\/\/carllarsson.se\/shop\/wp-json\/wp\/v2\/product\/9888","targetHints":{"allow":["GET"]}}],"collection":[{"href":"https:\/\/carllarsson.se\/shop\/wp-json\/wp\/v2\/product"}],"about":[{"href":"https:\/\/carllarsson.se\/shop\/wp-json\/wp\/v2\/types\/product"}],"wp:featuredmedia":[{"embeddable":true,"href":"https:\/\/carllarsson.se\/shop\/wp-json\/wp\/v2\/media\/11127"}],"wp:attachment":[{"href":"https:\/\/carllarsson.se\/shop\/wp-json\/wp\/v2\/media?parent=9888"}],"wp:term":[{"taxonomy":"product_cat","embeddable":true,"href":"https:\/\/carllarsson.se\/shop\/wp-json\/wp\/v2\/product_cat?post=9888"},{"taxonomy":"product_tag","embeddable":true,"href":"https:\/\/carllarsson.se\/shop\/wp-json\/wp\/v2\/product_tag?post=9888"}],"curies":[{"name":"wp","href":"https:\/\/api.w.org\/{rel}","templated":true}]}}