{"id":9889,"date":"2026-05-13T17:30:40","date_gmt":"2021-11-08T13:49:19","guid":{"rendered":"https:\/\/dev.norkay.se\/clgshop\/product\/blomsterfonstret-reproduktion\/"},"modified":"2026-05-13T17:30:40","modified_gmt":"2026-05-13T17:30:40","slug":"blomsterfonstret-reproduktion","status":"publish","type":"product","link":"https:\/\/carllarsson.se\/shop\/product\/blomsterfonstret-reproduktion\/","title":{"rendered":"Blomsterf\u00f6nstret \u2013 Reproduktion"},"content":{"rendered":"<p>\u00c5r 1894 m\u00e5lar Carl denna akvarell som \u00e4ven kom att publiceras i boken &#8221;Ett Hem&#8221;. Det \u00e4r \u00e4ldsta dottern Suzanne som st\u00e5r och vattnar blommorna vid det s\u00f6dra f\u00f6nstret i f\u00f6rmaket. Lilla Hyttn\u00e4s och familjelivet i Sundborn skildrade Carl Larsson i flera b\u00f6cker, bland andra i Ett hem fr\u00e5n 1899, Larssons fr\u00e5n 1902 och \u00c5t Solsidan fr\u00e5n 1910.<\/p>\n<p>M\u00e5tt: 28,5&#215;40,5 cm.<\/p>\n","protected":false},"excerpt":{"rendered":"<p>Reproduktion av Carl Larssons m\u00e5lning Blomsterf\u00f6nstret.<\/p>\n","protected":false},"featured_media":11157,"template":"","meta":{"inline_featured_image":false},"product_cat":[74],"product_tag":[],"class_list":{"0":"post-9889","1":"product","2":"type-product","3":"status-publish","4":"has-post-thumbnail","6":"product_cat-reproduktioner","8":"first","9":"instock","10":"taxable","11":"shipping-taxable","12":"purchasable","13":"product-type-simple"},"_links":{"self":[{"href":"https:\/\/carllarsson.se\/shop\/wp-json\/wp\/v2\/product\/9889","targetHints":{"allow":["GET"]}}],"collection":[{"href":"https:\/\/carllarsson.se\/shop\/wp-json\/wp\/v2\/product"}],"about":[{"href":"https:\/\/carllarsson.se\/shop\/wp-json\/wp\/v2\/types\/product"}],"wp:featuredmedia":[{"embeddable":true,"href":"https:\/\/carllarsson.se\/shop\/wp-json\/wp\/v2\/media\/11157"}],"wp:attachment":[{"href":"https:\/\/carllarsson.se\/shop\/wp-json\/wp\/v2\/media?parent=9889"}],"wp:term":[{"taxonomy":"product_cat","embeddable":true,"href":"https:\/\/carllarsson.se\/shop\/wp-json\/wp\/v2\/product_cat?post=9889"},{"taxonomy":"product_tag","embeddable":true,"href":"https:\/\/carllarsson.se\/shop\/wp-json\/wp\/v2\/product_tag?post=9889"}],"curies":[{"name":"wp","href":"https:\/\/api.w.org\/{rel}","templated":true}]}}