{"id":9891,"date":"2026-05-13T17:30:40","date_gmt":"2021-11-08T13:49:20","guid":{"rendered":"https:\/\/dev.norkay.se\/clgshop\/product\/brita-och-jag-reproduktion\/"},"modified":"2026-05-13T17:30:41","modified_gmt":"2026-05-13T17:30:41","slug":"brita-och-jag-reproduktion","status":"publish","type":"product","link":"https:\/\/carllarsson.se\/shop\/product\/brita-och-jag-reproduktion\/","title":{"rendered":"Brita och jag \u2013 Reproduktion"},"content":{"rendered":"<p>Carl Larsson ber\u00e4ttar i boken Larssons om hur denna akvarell Brita och jag fr\u00e5n 1895 kom till: \u201dS\u00e5 d\u00e4r fick jag tag i ungen, och s\u00e5 kommo vi h\u00e4ndelsevis framf\u00f6r spegeln. Hvilket motiv! Utan att sl\u00e4ppa Brita ordnade jag ett staffli, fick fatt i ett papper och grep en penna. Och ih, vhad det var roligt, tyckte Brita \u2013 fem minuter. Det \u00f6friga af sittningen, som varade en vecka (det vill s\u00e4ga vi sofvo om n\u00e4tterna och d\u00e5 sl\u00e4ppte jag mitt tag) gallskrek hon. T\u00e4nk, men denna lilla vildkatta kl\u00f6sande, tjutande, luggande (ja!) och sparkande, och att d\u00e5 med s\u00e4ker hand och s\u00e4kert \u00f6ga draga linjerna med tusch och penna. Jojomen, ni. Och s\u00e5 min v\u00e4nstra arm, som blef rent af f\u00f6rlamad. Detta var rekord i sitt slag. \u00c5tminstone enligt min egen blygsamma mening.\u201d<\/p>\n<p>M\u00e5tt: 53,5&#215;23 cm.<\/p>\n","protected":false},"excerpt":{"rendered":"<p>Reproduktion av Carl Larssons m\u00e5lning Brita och jag.<\/p>\n","protected":false},"featured_media":11158,"template":"","meta":{"inline_featured_image":false},"product_cat":[74],"product_tag":[],"class_list":{"0":"post-9891","1":"product","2":"type-product","3":"status-publish","4":"has-post-thumbnail","6":"product_cat-reproduktioner","8":"first","9":"instock","10":"taxable","11":"shipping-taxable","12":"purchasable","13":"product-type-simple"},"_links":{"self":[{"href":"https:\/\/carllarsson.se\/shop\/wp-json\/wp\/v2\/product\/9891","targetHints":{"allow":["GET"]}}],"collection":[{"href":"https:\/\/carllarsson.se\/shop\/wp-json\/wp\/v2\/product"}],"about":[{"href":"https:\/\/carllarsson.se\/shop\/wp-json\/wp\/v2\/types\/product"}],"wp:featuredmedia":[{"embeddable":true,"href":"https:\/\/carllarsson.se\/shop\/wp-json\/wp\/v2\/media\/11158"}],"wp:attachment":[{"href":"https:\/\/carllarsson.se\/shop\/wp-json\/wp\/v2\/media?parent=9891"}],"wp:term":[{"taxonomy":"product_cat","embeddable":true,"href":"https:\/\/carllarsson.se\/shop\/wp-json\/wp\/v2\/product_cat?post=9891"},{"taxonomy":"product_tag","embeddable":true,"href":"https:\/\/carllarsson.se\/shop\/wp-json\/wp\/v2\/product_tag?post=9891"}],"curies":[{"name":"wp","href":"https:\/\/api.w.org\/{rel}","templated":true}]}}