{"id":9892,"date":"2026-05-13T17:30:41","date_gmt":"2021-11-08T13:49:20","guid":{"rendered":"https:\/\/dev.norkay.se\/clgshop\/product\/de-mina-reproduktion\/"},"modified":"2026-05-13T17:30:41","modified_gmt":"2026-05-13T17:30:41","slug":"de-mina-reproduktion","status":"publish","type":"product","link":"https:\/\/carllarsson.se\/shop\/product\/de-mina-reproduktion\/","title":{"rendered":"De mina \u2013 Reproduktion"},"content":{"rendered":"<p>Carl Larsson m\u00e5lade \u00e5r 1893 akvarellen De Mina. \u00c5ret innan m\u00e5lade han den i olja och Carl ber\u00e4ttar i brev till konstsamlaren och mecenaten Pontus F\u00fcrstenberg att den stora m\u00e5lningen skall bli en dekorativ studie, ty det hela skall g\u00f6ras i endast konturer och enkla f\u00e4rgplaner. Snart d\u00e4refter rapporterar han att \u2019jag arbetar som om jag hade en bi i \u00e4nd\u2019. Hela familjen j\u00e4mte Post (hunden) och mina 8 ankor st\u00e5 d\u00e4r i hela sin dekorativa prakt och avtecknar sig i bj\u00e4rta f\u00e4rger mot minm\u00e4nniskof\u00e4rgade stuga. Jag tycker sj\u00e4lv, att det blir skapligt nog, men just d\u00e5 \u00e4r faran stor, att kritikussarna komma att gruva sig \u00f6ver den oangen\u00e4ma f\u00e4rgskalan. Ty bl\u00e5tt och illande r\u00f6tt \u00e4r det och avskuret och f\u00e5nigt p\u00e5 alla vis. Men glad \u00e4r jag och nyter som en jublande k\u00e4rleksg\u00f6k.\u201d<\/p>\n<p>M\u00e5lningen visar \u00e4ldsta dottern Suzanne, som st\u00e5r n\u00e4rmast stugan till v\u00e4nster med ett m\u00e5larparasoll. Mitt i bild ses Karin med lilla Lisbeth i en barnvagn med tre hjul. F\u00f6r m\u00e5lningen utnyttjade Carl Larsson \u00e4ven den yta nederst, som i triptykens b\u00e5da sidostycken upptages av reliefer, och Ulf lutar sig mot den kvarsittande tv\u00e4rsl\u00e5n medan Pontus st\u00e5r bakom honom.<\/p>\n<p>M\u00e5tt: 45&#215;34,5 cm.<\/p>\n","protected":false},"excerpt":{"rendered":"<p>Reproduktion av Carl Larssons m\u00e5lning De mina.<\/p>\n","protected":false},"featured_media":11156,"template":"","meta":{"inline_featured_image":false},"product_cat":[74],"product_tag":[],"class_list":{"0":"post-9892","1":"product","2":"type-product","3":"status-publish","4":"has-post-thumbnail","6":"product_cat-reproduktioner","8":"first","9":"instock","10":"taxable","11":"shipping-taxable","12":"purchasable","13":"product-type-simple"},"_links":{"self":[{"href":"https:\/\/carllarsson.se\/shop\/wp-json\/wp\/v2\/product\/9892","targetHints":{"allow":["GET"]}}],"collection":[{"href":"https:\/\/carllarsson.se\/shop\/wp-json\/wp\/v2\/product"}],"about":[{"href":"https:\/\/carllarsson.se\/shop\/wp-json\/wp\/v2\/types\/product"}],"wp:featuredmedia":[{"embeddable":true,"href":"https:\/\/carllarsson.se\/shop\/wp-json\/wp\/v2\/media\/11156"}],"wp:attachment":[{"href":"https:\/\/carllarsson.se\/shop\/wp-json\/wp\/v2\/media?parent=9892"}],"wp:term":[{"taxonomy":"product_cat","embeddable":true,"href":"https:\/\/carllarsson.se\/shop\/wp-json\/wp\/v2\/product_cat?post=9892"},{"taxonomy":"product_tag","embeddable":true,"href":"https:\/\/carllarsson.se\/shop\/wp-json\/wp\/v2\/product_tag?post=9892"}],"curies":[{"name":"wp","href":"https:\/\/api.w.org\/{rel}","templated":true}]}}