{"id":9893,"date":"2026-05-15T09:30:39","date_gmt":"2021-11-08T13:49:20","guid":{"rendered":"https:\/\/dev.norkay.se\/clgshop\/product\/dramats-skapelse-reproduktion\/"},"modified":"2026-05-15T09:30:39","modified_gmt":"2026-05-15T09:30:39","slug":"dramats-skapelse-reproduktion","status":"publish","type":"product","link":"https:\/\/carllarsson.se\/shop\/product\/dramats-skapelse-reproduktion\/","title":{"rendered":"Dramats skapelse \u2013 Reproduktion"},"content":{"rendered":"<p>Dramats skapelse \u00e4r en olja fr\u00e5n 1906-1907 och \u00e4r hela 8-10 meter 3 meter stor plafondm\u00e5lning i Kungliga Dramatiska teaterns foaj\u00e9 i Stockholm. Kvinnan i mitten symboliserar dramat och mannen i mitten kritikern. Mannen l\u00e4ngst ned representerar f\u00f6rfattaren och mannen l\u00e4ngst upp sk\u00e5despelaren. Figurerna till v\u00e4nster symboliserar de m\u00e4nskliga lidelserna, sj\u00e4lsst\u00e4mningar och m\u00e4nsklighetens livssaga. De tv\u00e5 kropparna l\u00e4ngst upp till v\u00e4nster representerar livssagans slut och sj\u00e4lens flykt ut i evigheten.<\/p>\n<p>Den h\u00e4r stora takm\u00e5lningen m\u00e5lade Carl Larsson hemma i sin atelj\u00e9 p\u00e5 Lilla Hyttn\u00e4s, men studierna med nakenmodellerna hade han arbetat p\u00e5 1906 b\u00e5de i Stockholm och Sundborn. N\u00e4r Carl arbetade med m\u00e5lningen l\u00e5g den f\u00f6r det mesta p\u00e5 golvet i atelj\u00e9n och n\u00e4r Carl ville f\u00e5 en uppfattning om hur tavlan skulle te sig som plafondm\u00e5lning tittade han ner p\u00e5 m\u00e5lningen fr\u00e5n en l\u00e4ktare som d\u00e5 fanns i atelj\u00e9n.<\/p>\n<p>Teaterns arkitekt Fredrik Liljekvist som ocks\u00e5 ansvarade f\u00f6r interi\u00f6ren och den konstn\u00e4rliga utsmyckningen tyckte att natthimlen var f\u00f6r m\u00f6rk p\u00e5 Carls m\u00e5lning. Carl svarar honom \u201dO, Liljekvisten lille, du f\u00e5r inte g\u00e5 och m\u00e5la om min natthimmel inte! D\u00e5 kommer du inte en g\u00e5ng in i den ljusa himmel du annars s\u00e5 v\u00e4l f\u00f6rtjenar f\u00f6r din vackra teater (den kan d\u00e5 inte bli ljusare \u2013 jag menar teatern). Nej om\u00f6jligt \u2013 nej! Du kommer h\u00e4nf\u00f6rd gapa upp din foyer och tacka Gud f\u00f6r mig denna svala, m\u00f6rka himmel\u2026(endast kritiken m\u00f6rk och djeflig, som du, n\u00e4r du vill v\u00e5ldf\u00f6ra dig p\u00e5 detta mitt m\u00e4sterverk). Nej Kvisten f\u00f6rs\u00f6k inte!\u201d<\/p>\n<p>M\u00e5tt: 40&#215;26 cm<\/p>\n","protected":false},"excerpt":{"rendered":"<p>Reproduktion av Carl Larssons m\u00e5lning Dramats skapelse.<\/p>\n","protected":false},"featured_media":11160,"template":"","meta":{"inline_featured_image":false},"product_cat":[74],"product_tag":[],"class_list":{"0":"post-9893","1":"product","2":"type-product","3":"status-publish","4":"has-post-thumbnail","6":"product_cat-reproduktioner","8":"first","9":"instock","10":"taxable","11":"shipping-taxable","12":"purchasable","13":"product-type-simple"},"_links":{"self":[{"href":"https:\/\/carllarsson.se\/shop\/wp-json\/wp\/v2\/product\/9893","targetHints":{"allow":["GET"]}}],"collection":[{"href":"https:\/\/carllarsson.se\/shop\/wp-json\/wp\/v2\/product"}],"about":[{"href":"https:\/\/carllarsson.se\/shop\/wp-json\/wp\/v2\/types\/product"}],"wp:featuredmedia":[{"embeddable":true,"href":"https:\/\/carllarsson.se\/shop\/wp-json\/wp\/v2\/media\/11160"}],"wp:attachment":[{"href":"https:\/\/carllarsson.se\/shop\/wp-json\/wp\/v2\/media?parent=9893"}],"wp:term":[{"taxonomy":"product_cat","embeddable":true,"href":"https:\/\/carllarsson.se\/shop\/wp-json\/wp\/v2\/product_cat?post=9893"},{"taxonomy":"product_tag","embeddable":true,"href":"https:\/\/carllarsson.se\/shop\/wp-json\/wp\/v2\/product_tag?post=9893"}],"curies":[{"name":"wp","href":"https:\/\/api.w.org\/{rel}","templated":true}]}}