{"id":9894,"date":"2026-05-13T17:30:41","date_gmt":"2021-11-08T13:49:20","guid":{"rendered":"https:\/\/dev.norkay.se\/clgshop\/product\/esbjorn-reproduktion\/"},"modified":"2026-05-13T17:30:41","modified_gmt":"2026-05-13T17:30:41","slug":"esbjorn-reproduktion","status":"publish","type":"product","link":"https:\/\/carllarsson.se\/shop\/product\/esbjorn-reproduktion\/","title":{"rendered":"Esbj\u00f6rn \u2013 Reproduktion"},"content":{"rendered":"<p>M\u00e5lningen i olja av Esbj\u00f6rn \u00e4r fr\u00e5n 1910 och \u00e4r en studie till m\u00e5lningen Frukost i det gr\u00f6na fr\u00e5n Bullerholmen i Sundborn. Yngste sonen Esbj\u00f6rn, ikl\u00e4dd bl\u00e5randig skjorta, sitter i gr\u00e4set med ryggen \u00e5t pappa Carl som m\u00e5lar av honom.<\/p>\n<p>Bullerholmen var \u00e4ven d\u00e4r man fiskade kr\u00e4ftor och badade. Bullerholmen h\u00f6rde fr\u00e5n b\u00f6rjan till lantbruket Spadarvet som Carl k\u00f6pte, men det var f\u00f6rst 1928 som den styckades av fr\u00e5n lantbruket och ist\u00e4llet kom att h\u00f6ra till Lilla Hyttn\u00e4s. F\u00f6rutom Frukost i det gr\u00f6na har \u00e4ven bland andra Kr\u00e4ftf\u00e5ngst 1897 och Ett bra badst\u00e4lle 1896 m\u00e5lats av Carl p\u00e5 Bullerholmen.<\/p>\n<p>M\u00e5tt: 28&#215;41 cm<\/p>\n","protected":false},"excerpt":{"rendered":"<p>Reproduktion av Carl Larssons m\u00e5lning Esbj\u00f6rn.<\/p>\n","protected":false},"featured_media":11128,"template":"","meta":{"inline_featured_image":false},"product_cat":[74],"product_tag":[],"class_list":{"0":"post-9894","1":"product","2":"type-product","3":"status-publish","4":"has-post-thumbnail","6":"product_cat-reproduktioner","8":"first","9":"instock","10":"taxable","11":"shipping-taxable","12":"purchasable","13":"product-type-simple"},"_links":{"self":[{"href":"https:\/\/carllarsson.se\/shop\/wp-json\/wp\/v2\/product\/9894","targetHints":{"allow":["GET"]}}],"collection":[{"href":"https:\/\/carllarsson.se\/shop\/wp-json\/wp\/v2\/product"}],"about":[{"href":"https:\/\/carllarsson.se\/shop\/wp-json\/wp\/v2\/types\/product"}],"wp:featuredmedia":[{"embeddable":true,"href":"https:\/\/carllarsson.se\/shop\/wp-json\/wp\/v2\/media\/11128"}],"wp:attachment":[{"href":"https:\/\/carllarsson.se\/shop\/wp-json\/wp\/v2\/media?parent=9894"}],"wp:term":[{"taxonomy":"product_cat","embeddable":true,"href":"https:\/\/carllarsson.se\/shop\/wp-json\/wp\/v2\/product_cat?post=9894"},{"taxonomy":"product_tag","embeddable":true,"href":"https:\/\/carllarsson.se\/shop\/wp-json\/wp\/v2\/product_tag?post=9894"}],"curies":[{"name":"wp","href":"https:\/\/api.w.org\/{rel}","templated":true}]}}