{"id":9895,"date":"2026-05-15T08:10:37","date_gmt":"2021-11-08T13:49:20","guid":{"rendered":"https:\/\/dev.norkay.se\/clgshop\/product\/esbjorn-och-bondflickan-reproduktion\/"},"modified":"2026-05-15T08:10:37","modified_gmt":"2026-05-15T08:10:37","slug":"esbjorn-och-bondflickan-reproduktion","status":"publish","type":"product","link":"https:\/\/carllarsson.se\/shop\/product\/esbjorn-och-bondflickan-reproduktion\/","title":{"rendered":"Esbj\u00f6rn och bondflickan \u2013 Reproduktion"},"content":{"rendered":"<p>Carl m\u00e5lade denna akvarell 1904. M\u00e5lningen f\u00f6rest\u00e4ller Esbj\u00f6rn som st\u00e5r och pratar med lilla Brita Hellberg, dotter till en snickare i Sundborn. Detta \u00e4r en studie till en st\u00f6rre tavla med samma namn d\u00e4r man kan se familjen Larssons g\u00e5rd Spadarfvet med Kartbacken, d\u00e4r Carls f\u00f6r\u00e4ldrar bodde p\u00e5 \u00e4ldre dagar.<\/p>\n<p>M\u00e5tt: 41,5&#215;29,5 cm.<\/p>\n","protected":false},"excerpt":{"rendered":"<p>Reproduktion av Carl Larssons m\u00e5lning Esbj\u00f6rn och bondflickan.<\/p>\n","protected":false},"featured_media":11129,"template":"","meta":{"inline_featured_image":false},"product_cat":[74],"product_tag":[],"class_list":{"0":"post-9895","1":"product","2":"type-product","3":"status-publish","4":"has-post-thumbnail","6":"product_cat-reproduktioner","8":"first","9":"instock","10":"taxable","11":"shipping-taxable","12":"purchasable","13":"product-type-simple"},"_links":{"self":[{"href":"https:\/\/carllarsson.se\/shop\/wp-json\/wp\/v2\/product\/9895","targetHints":{"allow":["GET"]}}],"collection":[{"href":"https:\/\/carllarsson.se\/shop\/wp-json\/wp\/v2\/product"}],"about":[{"href":"https:\/\/carllarsson.se\/shop\/wp-json\/wp\/v2\/types\/product"}],"wp:featuredmedia":[{"embeddable":true,"href":"https:\/\/carllarsson.se\/shop\/wp-json\/wp\/v2\/media\/11129"}],"wp:attachment":[{"href":"https:\/\/carllarsson.se\/shop\/wp-json\/wp\/v2\/media?parent=9895"}],"wp:term":[{"taxonomy":"product_cat","embeddable":true,"href":"https:\/\/carllarsson.se\/shop\/wp-json\/wp\/v2\/product_cat?post=9895"},{"taxonomy":"product_tag","embeddable":true,"href":"https:\/\/carllarsson.se\/shop\/wp-json\/wp\/v2\/product_tag?post=9895"}],"curies":[{"name":"wp","href":"https:\/\/api.w.org\/{rel}","templated":true}]}}