{"id":9897,"date":"2026-05-13T17:30:41","date_gmt":"2021-11-08T13:49:20","guid":{"rendered":"https:\/\/dev.norkay.se\/clgshop\/product\/flicka-i-blommande-hagtorn-reproduktion\/"},"modified":"2026-05-13T17:30:41","modified_gmt":"2026-05-13T17:30:41","slug":"flicka-i-blommande-hagtorn-reproduktion","status":"publish","type":"product","link":"https:\/\/carllarsson.se\/shop\/product\/flicka-i-blommande-hagtorn-reproduktion\/","title":{"rendered":"Flicka i blommande hagtorn \u2013 Reproduktion"},"content":{"rendered":"<p>M\u00e5lningen \u00e4r troligen m\u00e5lad \u00e5r 1887. Akvarell och gouache p\u00e5 papper som \u00e4gs av G\u00f6teborgs Konstmuseum. Gouache, eller t\u00e4ckf\u00e4rg, \u00e4r en t\u00e4ckande vattenf\u00e4rg som g\u00f6rs av mindre fint rivet pigment. Gouachem\u00e5leri \u00e4r mycket bra f\u00f6r motiv som beh\u00f6ver bearbetas eftersom man kan l\u00e4gga m\u00f6rkare f\u00e4rger och sedan tillf\u00f6ra ljusare detaljer, n\u00e5got som d\u00e4remot inte passar f\u00f6r akvarellm\u00e5leri.<\/p>\n<p>M\u00e5tt: 36&#215;46 cm.<\/p>\n","protected":false},"excerpt":{"rendered":"<p>Reproduktion av Carl Larssons m\u00e5lning Flicka i blommande hagtorn.<\/p>\n","protected":false},"featured_media":11131,"template":"","meta":{"inline_featured_image":false},"product_cat":[74],"product_tag":[],"class_list":{"0":"post-9897","1":"product","2":"type-product","3":"status-publish","4":"has-post-thumbnail","6":"product_cat-reproduktioner","8":"first","9":"instock","10":"taxable","11":"shipping-taxable","12":"purchasable","13":"product-type-simple"},"_links":{"self":[{"href":"https:\/\/carllarsson.se\/shop\/wp-json\/wp\/v2\/product\/9897","targetHints":{"allow":["GET"]}}],"collection":[{"href":"https:\/\/carllarsson.se\/shop\/wp-json\/wp\/v2\/product"}],"about":[{"href":"https:\/\/carllarsson.se\/shop\/wp-json\/wp\/v2\/types\/product"}],"wp:featuredmedia":[{"embeddable":true,"href":"https:\/\/carllarsson.se\/shop\/wp-json\/wp\/v2\/media\/11131"}],"wp:attachment":[{"href":"https:\/\/carllarsson.se\/shop\/wp-json\/wp\/v2\/media?parent=9897"}],"wp:term":[{"taxonomy":"product_cat","embeddable":true,"href":"https:\/\/carllarsson.se\/shop\/wp-json\/wp\/v2\/product_cat?post=9897"},{"taxonomy":"product_tag","embeddable":true,"href":"https:\/\/carllarsson.se\/shop\/wp-json\/wp\/v2\/product_tag?post=9897"}],"curies":[{"name":"wp","href":"https:\/\/api.w.org\/{rel}","templated":true}]}}