{"id":9898,"date":"2026-05-13T17:30:41","date_gmt":"2021-11-08T13:49:20","guid":{"rendered":"https:\/\/dev.norkay.se\/clgshop\/product\/frukost-i-det-grona-reproduktion\/"},"modified":"2026-05-13T17:30:41","modified_gmt":"2026-05-13T17:30:41","slug":"frukost-i-det-grona-reproduktion","status":"publish","type":"product","link":"https:\/\/carllarsson.se\/shop\/product\/frukost-i-det-grona-reproduktion\/","title":{"rendered":"Frukost i det gr\u00f6na \u2013 Reproduktion"},"content":{"rendered":"<p>M\u00e5lningen p\u00e5b\u00f6rjades 1910 och blev f\u00e4rdig 1913. Ute p\u00e5 Bullerholmen i Sundborn har det dukats upp till frukost. Dit har allt rotts ut ifr\u00e5n Lilla Hyttn\u00e4s. Carl och Karin Larsson st\u00e5r i bakgrunden, till v\u00e4nster om den vita bron, i v\u00e4ntan p\u00e5 att bli h\u00e4mtade. Resten av familjen \u00e4r samlad och ser till att allt \u00e4r framplockat. Carl och Karins dotter Lisbeth st\u00e5r l\u00e4ngst till v\u00e4nster lutad mot en bj\u00f6rkstam. Hon och lillebrodern Esbj\u00f6rn, som sitter i gr\u00e4set bredvid, lyssnar p\u00e5 Bodakullan, den blinda Brita, och en same som kn\u00e4pper p\u00e5 sin fiol. Blinda Britas mamma Kersti Kvarnberg, ofta kallad Mor Kersti, \u00e4r ocks\u00e5 kl\u00e4dd i Bodadr\u00e4kt, tar sig med hj\u00e4lp av tv\u00e5 k\u00e4ppar fram mot bordet. Carl och Karins dotter Kersti str\u00f6r blommor \u00f6ver den \u00e4ldre brodern Pontus som sitter p\u00e5 en tr\u00e4dg\u00e5rdsstol. P\u00e5 vardera sidan om bordet st\u00e5r Carl och Karins d\u00f6ttrar Suzanne och Brita. Suzanne b\u00e4r en stor hatt medan Brita har snurrat sina fl\u00e4tor som kringlor runt \u00f6ronen. Martina som brukade hj\u00e4lpa till p\u00e5 g\u00e5rden plockar upp det sista ur korgen med hunden Kicki bredvid sig.<\/p>\n<p>Den h\u00e4r m\u00e5lningen p\u00e5b\u00f6rjades i augusti 1910 och blev i stort sett klar samma \u00e5r. \u00c5ret d\u00e4rp\u00e5 st\u00e4lldes den ut i Rom med namnet La festa campestre. D\u00e5 saknades emellertid de r\u00f6da stolarna och hunden Kicki. Likas\u00e5 fanns d\u00e5 f\u00f6rutom skinka ocks\u00e5 ett fat med kr\u00e4ftor p\u00e5 bordet. Carls slutliga datering av tavlan gjordes \u00e5r 1913.<\/p>\n<p>M\u00e5tt: 29&#215;60,5 cm.<\/p>\n","protected":false},"excerpt":{"rendered":"<p>Reproduktion av Carl Larssons m\u00e5lning Frukost i det gr\u00f6na.<\/p>\n","protected":false},"featured_media":11132,"template":"","meta":{"inline_featured_image":false},"product_cat":[74],"product_tag":[],"class_list":{"0":"post-9898","1":"product","2":"type-product","3":"status-publish","4":"has-post-thumbnail","6":"product_cat-reproduktioner","8":"first","9":"instock","10":"taxable","11":"shipping-taxable","12":"purchasable","13":"product-type-simple"},"_links":{"self":[{"href":"https:\/\/carllarsson.se\/shop\/wp-json\/wp\/v2\/product\/9898","targetHints":{"allow":["GET"]}}],"collection":[{"href":"https:\/\/carllarsson.se\/shop\/wp-json\/wp\/v2\/product"}],"about":[{"href":"https:\/\/carllarsson.se\/shop\/wp-json\/wp\/v2\/types\/product"}],"wp:featuredmedia":[{"embeddable":true,"href":"https:\/\/carllarsson.se\/shop\/wp-json\/wp\/v2\/media\/11132"}],"wp:attachment":[{"href":"https:\/\/carllarsson.se\/shop\/wp-json\/wp\/v2\/media?parent=9898"}],"wp:term":[{"taxonomy":"product_cat","embeddable":true,"href":"https:\/\/carllarsson.se\/shop\/wp-json\/wp\/v2\/product_cat?post=9898"},{"taxonomy":"product_tag","embeddable":true,"href":"https:\/\/carllarsson.se\/shop\/wp-json\/wp\/v2\/product_tag?post=9898"}],"curies":[{"name":"wp","href":"https:\/\/api.w.org\/{rel}","templated":true}]}}