{"id":9905,"date":"2026-05-13T17:30:42","date_gmt":"2021-11-08T13:49:21","guid":{"rendered":"https:\/\/dev.norkay.se\/clgshop\/product\/karin-laser-reproduktion\/"},"modified":"2026-05-13T17:30:42","modified_gmt":"2026-05-13T17:30:42","slug":"karin-laser-reproduktion","status":"publish","type":"product","link":"https:\/\/carllarsson.se\/shop\/product\/karin-laser-reproduktion\/","title":{"rendered":"Karin l\u00e4ser \u2013 Reproduktion"},"content":{"rendered":"<p>Akvarellen m\u00e5lades av Carl 1904. Karin sitter och l\u00e4ser en bok i matsalen i hemmet i Sundborn. \u00c5r 1906 hyrde Carl Larsson \u00e5ter atelj\u00e9 i Stockholm, och han skriver d\u00e4rifr\u00e5n i mars till Karin, n\u00e4r han f\u00e5tt tillbaka tavlorna som varit utst\u00e4llda i Venedig 1905: \u201dH\u00e4r, m\u00e5 du tro, ser st\u00e5tligt ut med alla de sm\u00e5taflorna fr\u00e5n Venedig. Jag mojar mig med att glo p\u00e5 det der du sitter, i profil, med schal, och l\u00e4ser: jag tycker det \u00e4r s\u00e5 likt.\u201d<\/p>\n<p>M\u00e5lningen k\u00f6ptes in av Emma Zorn och \u00e4gs nu av Zornsamlingarna i Mora. Anders och Emma Zorn var goda v\u00e4nner till Carl och Karin. Boken Andras barn av Carl Larsson fr\u00e5n 1913 till\u00e4gnas exempelvis Emma Zorn och Carl skriver \u201dEmma Zorn, henne, som har en moders hj\u00e4rta f\u00f6r andras barn, till\u00e4gnas denna bilderbok.\u201d<\/p>\n<p>M\u00e5tt: 38&#215;55 cm.<\/p>\n","protected":false},"excerpt":{"rendered":"<p>Reproduktion av Carl Larssons m\u00e5lning Karin l\u00e4ser.<\/p>\n","protected":false},"featured_media":11136,"template":"","meta":{"inline_featured_image":false},"product_cat":[74],"product_tag":[],"class_list":{"0":"post-9905","1":"product","2":"type-product","3":"status-publish","4":"has-post-thumbnail","6":"product_cat-reproduktioner","8":"first","9":"instock","10":"taxable","11":"shipping-taxable","12":"purchasable","13":"product-type-simple"},"_links":{"self":[{"href":"https:\/\/carllarsson.se\/shop\/wp-json\/wp\/v2\/product\/9905","targetHints":{"allow":["GET"]}}],"collection":[{"href":"https:\/\/carllarsson.se\/shop\/wp-json\/wp\/v2\/product"}],"about":[{"href":"https:\/\/carllarsson.se\/shop\/wp-json\/wp\/v2\/types\/product"}],"wp:featuredmedia":[{"embeddable":true,"href":"https:\/\/carllarsson.se\/shop\/wp-json\/wp\/v2\/media\/11136"}],"wp:attachment":[{"href":"https:\/\/carllarsson.se\/shop\/wp-json\/wp\/v2\/media?parent=9905"}],"wp:term":[{"taxonomy":"product_cat","embeddable":true,"href":"https:\/\/carllarsson.se\/shop\/wp-json\/wp\/v2\/product_cat?post=9905"},{"taxonomy":"product_tag","embeddable":true,"href":"https:\/\/carllarsson.se\/shop\/wp-json\/wp\/v2\/product_tag?post=9905"}],"curies":[{"name":"wp","href":"https:\/\/api.w.org\/{rel}","templated":true}]}}