{"id":9907,"date":"2026-05-05T18:15:40","date_gmt":"2021-11-08T13:49:21","guid":{"rendered":"https:\/\/dev.norkay.se\/clgshop\/product\/korsbarsblom-karin-larsson-reproduktion\/"},"modified":"2026-05-05T18:15:40","modified_gmt":"2026-05-05T18:15:40","slug":"korsbarsblom-karin-larsson-reproduktion","status":"publish","type":"product","link":"https:\/\/carllarsson.se\/shop\/product\/korsbarsblom-karin-larsson-reproduktion\/","title":{"rendered":"K\u00f6rsb\u00e4rsblom &#8211; Karin Larsson \u2013 Reproduktion"},"content":{"rendered":"<p>Karin Larsson avslutade sina studier p\u00e5 Konstakademien 1882 och reste sedan till Frankrike f\u00f6r att studera konst p\u00e5 M\u00e5larskolan Colarossi. Sommaren 1882 reste Karin fr\u00e5n Paris till Grez f\u00f6r att m\u00e5la och d\u00e4r tr\u00e4ffade hon Carl.<\/p>\n<p>Karin Larsson har m\u00e5lat tavlan K\u00f6rsb\u00e4rsblom med en blommande k\u00f6rsb\u00e4rskvist p\u00e5 ramen. \u00c4ven Carl m\u00e5lade av samma motiv, en akvarell fr\u00e5n 1884. Tv\u00e5 \u00e5r tidigare, 1882, m\u00e5lar Carl och Karin av samma motiv i Grez; en kvinna med fl\u00e4tad korg.<\/p>\n<p>I Grez-sur-Loing d\u00e4r det fanns en konstn\u00e4rskoloni m\u00e5lade Carl och Karin ofta tillsammans i b\u00f6rjan av deras relation och i den lilla franska byn trivdes de bra. Karin skriver i brev till Carl som \u00e4r p\u00e5 tillf\u00e4lligt bes\u00f6k i Grez v\u00e5ren 1886: \u201d\u2026du \u00e4r i Grez, det h\u00e4rligaste ljuvligaste st\u00e4llet p\u00e5 jorden! D\u00e4r jag tillbragt s\u00e5 m\u00e5nga lyckliga stunder ifr\u00e5n den, d\u00e5 du f\u00f6rsta g\u00e5ngen sade att du h\u00f6ll av mig med ens blev fyllt av jublande liv och lycka, d\u00e5 solen lyste varmare, gr\u00e4set doftade och f\u00e5glarna sj\u00f6ng s\u00e5 som de aldrig gjort f\u00f6rr. Det \u00e4r min enda stora sorg, att jag d\u00e5 \u00e4nnu inte var tillr\u00e4ckligt uppv\u00e4ckt fr\u00e5n den hundra\u00e5riga s\u00f6mnen, f\u00f6r att helt och \u00f6ppet kunna visa dig hur lycklig du gjort mig.\u201d<\/p>\n<p>M\u00e5tt: 42&#215;37 cm.<\/p>\n","protected":false},"excerpt":{"rendered":"<p>Reproduktion av Karin Larssons m\u00e5lning K\u00f6rsb\u00e4rsblom.<\/p>\n","protected":false},"featured_media":11137,"template":"","meta":{"inline_featured_image":false},"product_cat":[74],"product_tag":[],"class_list":{"0":"post-9907","1":"product","2":"type-product","3":"status-publish","4":"has-post-thumbnail","6":"product_cat-reproduktioner","8":"first","9":"instock","10":"taxable","11":"shipping-taxable","12":"purchasable","13":"product-type-simple"},"_links":{"self":[{"href":"https:\/\/carllarsson.se\/shop\/wp-json\/wp\/v2\/product\/9907","targetHints":{"allow":["GET"]}}],"collection":[{"href":"https:\/\/carllarsson.se\/shop\/wp-json\/wp\/v2\/product"}],"about":[{"href":"https:\/\/carllarsson.se\/shop\/wp-json\/wp\/v2\/types\/product"}],"wp:featuredmedia":[{"embeddable":true,"href":"https:\/\/carllarsson.se\/shop\/wp-json\/wp\/v2\/media\/11137"}],"wp:attachment":[{"href":"https:\/\/carllarsson.se\/shop\/wp-json\/wp\/v2\/media?parent=9907"}],"wp:term":[{"taxonomy":"product_cat","embeddable":true,"href":"https:\/\/carllarsson.se\/shop\/wp-json\/wp\/v2\/product_cat?post=9907"},{"taxonomy":"product_tag","embeddable":true,"href":"https:\/\/carllarsson.se\/shop\/wp-json\/wp\/v2\/product_tag?post=9907"}],"curies":[{"name":"wp","href":"https:\/\/api.w.org\/{rel}","templated":true}]}}