{"id":9912,"date":"2026-05-04T15:45:42","date_gmt":"2021-11-08T13:49:22","guid":{"rendered":"https:\/\/dev.norkay.se\/clgshop\/product\/min-hustru-reproduktion\/"},"modified":"2026-05-04T15:45:42","modified_gmt":"2026-05-04T15:45:42","slug":"min-hustru-reproduktion","status":"publish","type":"product","link":"https:\/\/carllarsson.se\/shop\/product\/min-hustru-reproduktion\/","title":{"rendered":"Min hustru \u2013 Reproduktion"},"content":{"rendered":"<p>Akvarellen Min hustru m\u00e5lades 1912 och \u00e4r fr\u00e5n atelj\u00e9n p\u00e5 Blindgatan i Falun, det s\u00e5 kallade Skolhush\u00e5llet. Karin st\u00e5r funderar vid ett bord fullt med skisser, tidskrifter, b\u00f6cker och en p\u00e5sklilja. Esbj\u00f6rn sitter bortv\u00e4nd och g\u00f6r l\u00e4xor medan Kersti spelar p\u00e5 en taffel.<\/p>\n<p>I ett brevkort fr\u00e5n 18 mars 1912 skriver Karin till dottern Brita som befinner sig i England: \u201dVi hafva nyss druckit v\u00e5rt s\u00f6ndags f.m. dags the, hvilket smakade familjen f\u00f6rtr\u00e4ffligt. Nu sitter Far och m\u00e5lar af en gul blomma p\u00e5 det gr\u00f6na bordet i ateliern samt mig i min gredelina kl\u00e4nning med min vanliga st\u00e4llning med hand under kind, s\u00e5 d\u00e5 f\u00f6rst\u00e5r du!\u201d<\/p>\n<p>M\u00e5tt: 42&#215;29 cm.<\/p>\n","protected":false},"excerpt":{"rendered":"<p>Reproduktion av Carl Larssons m\u00e5lning Min hustru.<\/p>\n","protected":false},"featured_media":11146,"template":"","meta":{"inline_featured_image":false},"product_cat":[74],"product_tag":[],"class_list":{"0":"post-9912","1":"product","2":"type-product","3":"status-publish","4":"has-post-thumbnail","6":"product_cat-reproduktioner","8":"first","9":"instock","10":"taxable","11":"shipping-taxable","12":"purchasable","13":"product-type-simple"},"_links":{"self":[{"href":"https:\/\/carllarsson.se\/shop\/wp-json\/wp\/v2\/product\/9912","targetHints":{"allow":["GET"]}}],"collection":[{"href":"https:\/\/carllarsson.se\/shop\/wp-json\/wp\/v2\/product"}],"about":[{"href":"https:\/\/carllarsson.se\/shop\/wp-json\/wp\/v2\/types\/product"}],"wp:featuredmedia":[{"embeddable":true,"href":"https:\/\/carllarsson.se\/shop\/wp-json\/wp\/v2\/media\/11146"}],"wp:attachment":[{"href":"https:\/\/carllarsson.se\/shop\/wp-json\/wp\/v2\/media?parent=9912"}],"wp:term":[{"taxonomy":"product_cat","embeddable":true,"href":"https:\/\/carllarsson.se\/shop\/wp-json\/wp\/v2\/product_cat?post=9912"},{"taxonomy":"product_tag","embeddable":true,"href":"https:\/\/carllarsson.se\/shop\/wp-json\/wp\/v2\/product_tag?post=9912"}],"curies":[{"name":"wp","href":"https:\/\/api.w.org\/{rel}","templated":true}]}}