{"id":9927,"date":"2026-05-15T08:10:40","date_gmt":"2021-11-08T13:49:24","guid":{"rendered":"https:\/\/dev.norkay.se\/clgshop\/product\/bron-reproduktion-a3\/"},"modified":"2026-05-15T08:10:41","modified_gmt":"2026-05-15T08:10:41","slug":"bron-reproduktion-a3","status":"publish","type":"product","link":"https:\/\/carllarsson.se\/shop\/product\/bron-reproduktion-a3\/","title":{"rendered":"Bron \u2013 Reproduktion"},"content":{"rendered":"<p>Bron. Akvarell, 1912.<\/p>\n<p>Denna akvarell \u00e4r m\u00e5lad i Lilla Hyttn\u00e4s tr\u00e4dg\u00e5rd i Sundborn, d\u00e4r Carl Larssons dotter Lisbeth, som har draperat en orange schal om sin gestalt, sitter tillsammans med en svart kattunge p\u00e5 en b\u00e4nk framf\u00f6r ett staffli p\u00e5 Lilla Hyttn\u00e4s g\u00e5rd. Hon tittar mot den vita bron med den nakna Gerda, som tittar ner i kanalen, d\u00e4r en av Larssons roddb\u00e5tar brukade vara f\u00f6rt\u00f6jd.<\/p>\n<p>Storlek: 30 x 40 cm<\/p>\n","protected":false},"excerpt":{"rendered":"<p>Reproduktion (30\u00d740) Bron<\/p>\n","protected":false},"featured_media":11192,"template":"","meta":{"inline_featured_image":false},"product_cat":[270],"product_tag":[],"class_list":{"0":"post-9927","1":"product","2":"type-product","3":"status-publish","4":"has-post-thumbnail","6":"product_cat-reproduktioner-30x40","8":"first","9":"instock","10":"taxable","11":"shipping-taxable","12":"purchasable","13":"product-type-simple"},"_links":{"self":[{"href":"https:\/\/carllarsson.se\/shop\/wp-json\/wp\/v2\/product\/9927","targetHints":{"allow":["GET"]}}],"collection":[{"href":"https:\/\/carllarsson.se\/shop\/wp-json\/wp\/v2\/product"}],"about":[{"href":"https:\/\/carllarsson.se\/shop\/wp-json\/wp\/v2\/types\/product"}],"wp:featuredmedia":[{"embeddable":true,"href":"https:\/\/carllarsson.se\/shop\/wp-json\/wp\/v2\/media\/11192"}],"wp:attachment":[{"href":"https:\/\/carllarsson.se\/shop\/wp-json\/wp\/v2\/media?parent=9927"}],"wp:term":[{"taxonomy":"product_cat","embeddable":true,"href":"https:\/\/carllarsson.se\/shop\/wp-json\/wp\/v2\/product_cat?post=9927"},{"taxonomy":"product_tag","embeddable":true,"href":"https:\/\/carllarsson.se\/shop\/wp-json\/wp\/v2\/product_tag?post=9927"}],"curies":[{"name":"wp","href":"https:\/\/api.w.org\/{rel}","templated":true}]}}