{"id":9928,"date":"2026-05-05T18:15:43","date_gmt":"2021-11-08T13:49:24","guid":{"rendered":"https:\/\/dev.norkay.se\/clgshop\/product\/kvallen-fore-resan-till-england-reproduktion-a3\/"},"modified":"2026-05-05T18:15:43","modified_gmt":"2026-05-05T18:15:43","slug":"kvallen-fore-resan-till-england-reproduktion-a3","status":"publish","type":"product","link":"https:\/\/carllarsson.se\/shop\/product\/kvallen-fore-resan-till-england-reproduktion-a3\/","title":{"rendered":"Kv\u00e4llen f\u00f6re resan till England \u2013 Reproduktion A3"},"content":{"rendered":"<p>Kv\u00e4llen f\u00f6re resan till England. Akvarell, 1909<\/p>\n<p>Carl Larssons text i \u00c5t solsidan till denna akvarell b\u00f6rjar s\u00e5 h\u00e4r: \u00bbNu kv\u00e4llas det, och den s\u00f6dra aftonhimmelen st\u00e5r turkosbl\u00e5 mot de ljusbelysta f\u00f6nsterb\u00e5garna. Jag v\u00e5gar knappt tala om att ljuset \u00e4r elektriskt, som vi f\u00e5 fr\u00e5n forsen utanf\u00f6r Spadarfvet. Men \u00e4r det inte en underbar saga, bara det, att f\u00e5 eld af vatten! Midt i rummet sitter Lisbeth och grubblar stridiga tankar. Hon skall resa till sina engelska kusiner, och hon har just, p\u00e5 prof, sin reskl\u00e4nning p\u00e5 sig. Hon har stilat till det ytterligare med en lappknif, som hon knyckt ur mitt lilla lappmuseum. K\u00e4raste flickebarn. Du tycker nog i grunden att det \u00e4r rysligt roligt; men se, det tycker inte din pjoskiga pappa: han tycker det \u00e4r enbart f\u00f6rtvifladt tungt att barnen skola flyga ur boet, det goda, varma boet.\u00ab<\/p>\n<p>Storlek: 30 x 40 cm<\/p>\n","protected":false},"excerpt":{"rendered":"<p>Reproduktion (30\u00d740)<\/p>\n","protected":false},"featured_media":11194,"template":"","meta":{"inline_featured_image":false},"product_cat":[270],"product_tag":[],"class_list":{"0":"post-9928","1":"product","2":"type-product","3":"status-publish","4":"has-post-thumbnail","6":"product_cat-reproduktioner-30x40","8":"first","9":"instock","10":"taxable","11":"shipping-taxable","12":"purchasable","13":"product-type-simple"},"_links":{"self":[{"href":"https:\/\/carllarsson.se\/shop\/wp-json\/wp\/v2\/product\/9928","targetHints":{"allow":["GET"]}}],"collection":[{"href":"https:\/\/carllarsson.se\/shop\/wp-json\/wp\/v2\/product"}],"about":[{"href":"https:\/\/carllarsson.se\/shop\/wp-json\/wp\/v2\/types\/product"}],"wp:featuredmedia":[{"embeddable":true,"href":"https:\/\/carllarsson.se\/shop\/wp-json\/wp\/v2\/media\/11194"}],"wp:attachment":[{"href":"https:\/\/carllarsson.se\/shop\/wp-json\/wp\/v2\/media?parent=9928"}],"wp:term":[{"taxonomy":"product_cat","embeddable":true,"href":"https:\/\/carllarsson.se\/shop\/wp-json\/wp\/v2\/product_cat?post=9928"},{"taxonomy":"product_tag","embeddable":true,"href":"https:\/\/carllarsson.se\/shop\/wp-json\/wp\/v2\/product_tag?post=9928"}],"curies":[{"name":"wp","href":"https:\/\/api.w.org\/{rel}","templated":true}]}}