{"id":9929,"date":"2026-05-13T17:30:45","date_gmt":"2021-11-08T13:49:24","guid":{"rendered":"https:\/\/dev.norkay.se\/clgshop\/product\/ferielasning-reproduktion-a3\/"},"modified":"2026-05-13T17:30:45","modified_gmt":"2026-05-13T17:30:45","slug":"ferielasning-reproduktion-a3","status":"publish","type":"product","link":"https:\/\/carllarsson.se\/shop\/product\/ferielasning-reproduktion-a3\/","title":{"rendered":"Feriel\u00e4sning \u2013 Reproduktion"},"content":{"rendered":"<p>Feriel\u00e4sning. Akvarell, 1916.<\/p>\n<p>P\u00e5 tavlan ser man Carl Larssons hustru Karin och Esbj\u00f6rn, deras yngste son, nu 16 \u00e5r gammal, som sitter och l\u00e4ser. De sitter i ett h\u00f6rn av tr\u00e4dg\u00e5rden i Sundborn mellan Carl Larssons atelj\u00e9 och Bergsmansstugan, d\u00e4r en kastanj ger h\u00e4rlig skugga. I bakgrunden skymtar en del av den \u00f6vriga tr\u00e4dg\u00e5rden och Sundborns\u00e5n.<\/p>\n<p>Storlek: 30 x 40 cm<\/p>\n","protected":false},"excerpt":{"rendered":"<p>Reproduktion (30\u00d740)<\/p>\n","protected":false},"featured_media":11176,"template":"","meta":{"inline_featured_image":false},"product_cat":[270],"product_tag":[],"class_list":{"0":"post-9929","1":"product","2":"type-product","3":"status-publish","4":"has-post-thumbnail","6":"product_cat-reproduktioner-30x40","8":"first","9":"instock","10":"taxable","11":"shipping-taxable","12":"purchasable","13":"product-type-simple"},"_links":{"self":[{"href":"https:\/\/carllarsson.se\/shop\/wp-json\/wp\/v2\/product\/9929","targetHints":{"allow":["GET"]}}],"collection":[{"href":"https:\/\/carllarsson.se\/shop\/wp-json\/wp\/v2\/product"}],"about":[{"href":"https:\/\/carllarsson.se\/shop\/wp-json\/wp\/v2\/types\/product"}],"wp:featuredmedia":[{"embeddable":true,"href":"https:\/\/carllarsson.se\/shop\/wp-json\/wp\/v2\/media\/11176"}],"wp:attachment":[{"href":"https:\/\/carllarsson.se\/shop\/wp-json\/wp\/v2\/media?parent=9929"}],"wp:term":[{"taxonomy":"product_cat","embeddable":true,"href":"https:\/\/carllarsson.se\/shop\/wp-json\/wp\/v2\/product_cat?post=9929"},{"taxonomy":"product_tag","embeddable":true,"href":"https:\/\/carllarsson.se\/shop\/wp-json\/wp\/v2\/product_tag?post=9929"}],"curies":[{"name":"wp","href":"https:\/\/api.w.org\/{rel}","templated":true}]}}