{"id":9931,"date":"2026-05-05T18:15:43","date_gmt":"2021-11-08T13:49:24","guid":{"rendered":"https:\/\/dev.norkay.se\/clgshop\/product\/kraftfangst-reproduktion-a3\/"},"modified":"2026-05-05T18:15:43","modified_gmt":"2026-05-05T18:15:43","slug":"kraftfangst-reproduktion-a3","status":"publish","type":"product","link":"https:\/\/carllarsson.se\/shop\/product\/kraftfangst-reproduktion-a3\/","title":{"rendered":"Kr\u00e4ftf\u00e5ngst"},"content":{"rendered":"<p>Kr\u00e4ftf\u00e5ngst. Akvarell, 18987.<\/p>\n<p>Om denna akvarell ber\u00e4ttar Carl Larsson i Ett hem: \u00bbDen 15 augusti b\u00f6rjar kr\u00e4ftf\u00e5ngsten. Det blir liksom nytt lif i oss d\u00e5. Alla burarna, h\u00e5fvarna och sp\u00f6na \u00e4ro i ordning, och n\u00e4r klockan sl\u00e5r tolf p\u00e5 natten ror jag ut, det m\u00e5 vara hvilket v\u00e4der det vill, och i djupsvarta natten s\u00e4nker jag h\u00e5fvarna i det \u00e4nnu svartare vattnet; sofver s\u00e5 till klockan fem d\u00e5 de st\u00f6rre barnen v\u00e4ckas; och s\u00e5 vittja vi under det solen i morgondimman g\u00e5r upp som en pannkaka \u00f6fver vasstopparna.<\/p>\n<p>Lisbeth (6 1\/2 \u00e5r) sitter vid det dukade bordet, Karin (38 \u00e5r) h\u00e5ller reda p\u00e5 kaffepannan, Kersti (1 1\/2 \u00e5r) \u00e4r r\u00e4dd f\u00f6r en vilsekommen kr\u00e4fta, Pontus (9 \u00e5r), Ulf (10 \u00e5r) och Brita (4 1\/2 \u00e5r) \u00e4r i full g\u00e5ng med s\u00e4nkh\u00e5varna och Suzanne (13 \u00e5r) sitter i b\u00e5ten och ordnar med kr\u00e4ftburarna.<\/p>\n<p>Storlek: 30 x 40 cm<\/p>\n","protected":false},"excerpt":{"rendered":"<p>Reproduktion (30\u00d740)<\/p>\n","protected":false},"featured_media":11187,"template":"","meta":{"inline_featured_image":false},"product_cat":[270],"product_tag":[],"class_list":{"0":"post-9931","1":"product","2":"type-product","3":"status-publish","4":"has-post-thumbnail","6":"product_cat-reproduktioner-30x40","8":"first","9":"instock","10":"taxable","11":"shipping-taxable","12":"purchasable","13":"product-type-simple"},"_links":{"self":[{"href":"https:\/\/carllarsson.se\/shop\/wp-json\/wp\/v2\/product\/9931","targetHints":{"allow":["GET"]}}],"collection":[{"href":"https:\/\/carllarsson.se\/shop\/wp-json\/wp\/v2\/product"}],"about":[{"href":"https:\/\/carllarsson.se\/shop\/wp-json\/wp\/v2\/types\/product"}],"wp:featuredmedia":[{"embeddable":true,"href":"https:\/\/carllarsson.se\/shop\/wp-json\/wp\/v2\/media\/11187"}],"wp:attachment":[{"href":"https:\/\/carllarsson.se\/shop\/wp-json\/wp\/v2\/media?parent=9931"}],"wp:term":[{"taxonomy":"product_cat","embeddable":true,"href":"https:\/\/carllarsson.se\/shop\/wp-json\/wp\/v2\/product_cat?post=9931"},{"taxonomy":"product_tag","embeddable":true,"href":"https:\/\/carllarsson.se\/shop\/wp-json\/wp\/v2\/product_tag?post=9931"}],"curies":[{"name":"wp","href":"https:\/\/api.w.org\/{rel}","templated":true}]}}