{"id":9935,"date":"2026-05-15T08:10:41","date_gmt":"2021-11-08T13:49:25","guid":{"rendered":"https:\/\/dev.norkay.se\/clgshop\/product\/karin-vid-stranden-reproduktion-a3\/"},"modified":"2026-05-15T08:10:41","modified_gmt":"2026-05-15T08:10:41","slug":"karin-vid-stranden-reproduktion-a3","status":"publish","type":"product","link":"https:\/\/carllarsson.se\/shop\/product\/karin-vid-stranden-reproduktion-a3\/","title":{"rendered":"Karin vid stranden \u2013 Reproduktion"},"content":{"rendered":"<p>Karin vid stranden.Karin vid stranden Akvarell, 1908.<\/p>\n<p>I \u00c5t solsidan har Carl Larsson skrivit f\u00f6ljande text till denna tavla: \u00bbP\u00e5 den andra taflan g\u00e5r Karin l\u00e4ngs strandrabatten och tittar melankoliskt p\u00e5 h\u00f6stens allra sista blomster. Natten d\u00e4rp\u00e5 fr\u00f6so de bort. S\u00e5 b\u00f6rjade skolan i Falun, och s\u00e5 foro vi dit.\u00ab I roddb\u00e5ten ute p\u00e5 Sundborns\u00e5n sitter Brita kl\u00e4dd i Sundbornsdr\u00e4kt med hunden Joup-joup.<\/p>\n<p>Storlek: 30 x 40 cm<\/p>\n","protected":false},"excerpt":{"rendered":"<p>Reproduktion (30\u00d740)<\/p>\n","protected":false},"featured_media":11178,"template":"","meta":{"inline_featured_image":false},"product_cat":[270],"product_tag":[],"class_list":{"0":"post-9935","1":"product","2":"type-product","3":"status-publish","4":"has-post-thumbnail","6":"product_cat-reproduktioner-30x40","8":"first","9":"instock","10":"taxable","11":"shipping-taxable","12":"purchasable","13":"product-type-simple"},"_links":{"self":[{"href":"https:\/\/carllarsson.se\/shop\/wp-json\/wp\/v2\/product\/9935","targetHints":{"allow":["GET"]}}],"collection":[{"href":"https:\/\/carllarsson.se\/shop\/wp-json\/wp\/v2\/product"}],"about":[{"href":"https:\/\/carllarsson.se\/shop\/wp-json\/wp\/v2\/types\/product"}],"wp:featuredmedia":[{"embeddable":true,"href":"https:\/\/carllarsson.se\/shop\/wp-json\/wp\/v2\/media\/11178"}],"wp:attachment":[{"href":"https:\/\/carllarsson.se\/shop\/wp-json\/wp\/v2\/media?parent=9935"}],"wp:term":[{"taxonomy":"product_cat","embeddable":true,"href":"https:\/\/carllarsson.se\/shop\/wp-json\/wp\/v2\/product_cat?post=9935"},{"taxonomy":"product_tag","embeddable":true,"href":"https:\/\/carllarsson.se\/shop\/wp-json\/wp\/v2\/product_tag?post=9935"}],"curies":[{"name":"wp","href":"https:\/\/api.w.org\/{rel}","templated":true}]}}