{"id":9938,"date":"2026-05-13T17:30:46","date_gmt":"2023-03-08T14:53:56","guid":{"rendered":"https:\/\/dev.norkay.se\/clgshop\/product\/brita-som-idun-reproduktion-a3\/"},"modified":"2026-05-13T17:30:46","modified_gmt":"2026-05-13T17:30:46","slug":"brita-som-idun-reproduktion-a3","status":"publish","type":"product","link":"https:\/\/carllarsson.se\/shop\/product\/brita-som-idun-reproduktion-a3\/","title":{"rendered":"Brita som Idun &#8211; Reproduktion"},"content":{"rendered":"<p>Brita som Idun. Akvarell, 1900.<\/p>\n<p>Akvarellen var omslagsbild f\u00f6r Iduns julnummer 1901. Ur Idun nr 46 \u00e5r 1937 har h\u00e4mtats f\u00f6ljande text om denna tavla. Det var Brita som d\u00e5 hade intervjuats: \u00bbBrita \u00e4r v\u00e4lbekant f\u00f6r Iduns gamla l\u00e4sare &#8211; det var hon som leende och r\u00f6dblommig var avm\u00e5lad p\u00e5 julnumrets omslag 1901. Mor Karin hade sj\u00e4lv sytt den tomter\u00f6da kl\u00e4nningen och luvan och n\u00e4r pappan fick se henne komma med \u00e4ppelkorg och t\u00e4nda ljus kommenderade han genast: st\u00e5 still. Den lilla flickan ser ut som en bild av julen sj\u00e4lv, den jul som kommer med gl\u00e4dje, ljus och goda g\u00e5vor. Larssons ungar kunde st\u00e5 stilla l\u00e4nge med ett leende. De visste att det vankades modellpengar, en krona, kanske till och med tv\u00e5, och det var mycket p\u00e5 den tiden.<\/p>\n<p>Storlek: 30 x 40 cm<\/p>\n","protected":false},"excerpt":{"rendered":"<p>Reproduktion (30\u00d740)<\/p>\n","protected":false},"featured_media":11184,"template":"","meta":{"inline_featured_image":false},"product_cat":[270],"product_tag":[],"class_list":{"0":"post-9938","1":"product","2":"type-product","3":"status-publish","4":"has-post-thumbnail","6":"product_cat-reproduktioner-30x40","8":"first","9":"instock","10":"taxable","11":"shipping-taxable","12":"purchasable","13":"product-type-simple"},"_links":{"self":[{"href":"https:\/\/carllarsson.se\/shop\/wp-json\/wp\/v2\/product\/9938","targetHints":{"allow":["GET"]}}],"collection":[{"href":"https:\/\/carllarsson.se\/shop\/wp-json\/wp\/v2\/product"}],"about":[{"href":"https:\/\/carllarsson.se\/shop\/wp-json\/wp\/v2\/types\/product"}],"wp:featuredmedia":[{"embeddable":true,"href":"https:\/\/carllarsson.se\/shop\/wp-json\/wp\/v2\/media\/11184"}],"wp:attachment":[{"href":"https:\/\/carllarsson.se\/shop\/wp-json\/wp\/v2\/media?parent=9938"}],"wp:term":[{"taxonomy":"product_cat","embeddable":true,"href":"https:\/\/carllarsson.se\/shop\/wp-json\/wp\/v2\/product_cat?post=9938"},{"taxonomy":"product_tag","embeddable":true,"href":"https:\/\/carllarsson.se\/shop\/wp-json\/wp\/v2\/product_tag?post=9938"}],"curies":[{"name":"wp","href":"https:\/\/api.w.org\/{rel}","templated":true}]}}